{"id":213,"date":"2020-10-12T12:16:23","date_gmt":"2020-10-12T10:16:23","guid":{"rendered":"http:\/\/dsoudoplatoff.fr\/?page_id=213"},"modified":"2020-11-17T09:59:23","modified_gmt":"2020-11-17T08:59:23","slug":"sculpture","status":"publish","type":"page","link":"http:\/\/dsoudoplatoff.fr\/index.php\/sculpture\/","title":{"rendered":"SCULPTURE"},"content":{"rendered":"\t\t<div data-elementor-type=\"wp-page\" data-elementor-id=\"213\" class=\"elementor elementor-213\">\n\t\t\t\t\t\t<div class=\"elementor-inner\">\n\t\t\t\t<div class=\"elementor-section-wrap\">\n\t\t\t\t\t\t\t\t\t<section class=\"elementor-section elementor-top-section elementor-element elementor-element-e82d81d elementor-section-boxed elementor-section-height-default elementor-section-height-default\" data-id=\"e82d81d\" data-element_type=\"section\">\n\t\t\t\t\t\t<div class=\"elementor-container elementor-column-gap-default\">\n\t\t\t\t\t\t\t<div class=\"elementor-row\">\n\t\t\t\t\t<div class=\"elementor-column elementor-col-100 elementor-top-column elementor-element elementor-element-d575b8d\" data-id=\"d575b8d\" data-element_type=\"column\">\n\t\t\t<div class=\"elementor-column-wrap elementor-element-populated\">\n\t\t\t\t\t\t\t<div class=\"elementor-widget-wrap\">\n\t\t\t\t\t\t<div class=\"elementor-element elementor-element-56e570d elementor-widget elementor-widget-spacer\" data-id=\"56e570d\" data-element_type=\"widget\" data-widget_type=\"spacer.default\">\n\t\t\t\t<div class=\"elementor-widget-container\">\n\t\t\t\t\t<div class=\"elementor-spacer\">\n\t\t\t<div class=\"elementor-spacer-inner\"><\/div>\n\t\t<\/div>\n\t\t\t\t<\/div>\n\t\t\t\t<\/div>\n\t\t\t\t\t\t<\/div>\n\t\t\t\t\t<\/div>\n\t\t<\/div>\n\t\t\t\t\t\t\t\t<\/div>\n\t\t\t\t\t<\/div>\n\t\t<\/section>\n\t\t\t\t<section class=\"elementor-section elementor-top-section elementor-element elementor-element-b1612d3 elementor-section-boxed elementor-section-height-default elementor-section-height-default\" data-id=\"b1612d3\" data-element_type=\"section\">\n\t\t\t\t\t\t<div class=\"elementor-container elementor-column-gap-default\">\n\t\t\t\t\t\t\t<div class=\"elementor-row\">\n\t\t\t\t\t<div class=\"elementor-column elementor-col-50 elementor-top-column elementor-element elementor-element-2128e53\" data-id=\"2128e53\" data-element_type=\"column\">\n\t\t\t<div class=\"elementor-column-wrap elementor-element-populated\">\n\t\t\t\t\t\t\t<div class=\"elementor-widget-wrap\">\n\t\t\t\t\t\t<div class=\"elementor-element elementor-element-b088649 elementor-widget elementor-widget-text-editor\" data-id=\"b088649\" data-element_type=\"widget\" data-widget_type=\"text-editor.default\">\n\t\t\t\t<div class=\"elementor-widget-container\">\n\t\t\t\t\t\t\t\t<div class=\"elementor-text-editor elementor-clearfix\">\n\t\t\t\t<p>D<span style=\"font-size: 18px;\">ans son travail en sculpture, Dominique Soudoplatoff aime la confrontation avec la mati\u00e8re qui lui transmet une sorte d&#8217;\u00e9nergie vitale: la densit\u00e9 sensuelle de la pierre, la chaleur du bois et de la terre, la fragilit\u00e9 du papier et de la porcelaine. Par des formes simples aux lignes \u00e9pur\u00e9es, elle tente d&#8217;exprimer la pr\u00e9sence humaine, s&#8217;interroge sur l&#8217;espace int\u00e9rieur et l&#8217;espace ext\u00e9rieur, sur le lien ou le vide entre deux \u00e9l\u00e9ments.<\/span><\/p>\t\t\t\t\t<\/div>\n\t\t\t\t\t\t<\/div>\n\t\t\t\t<\/div>\n\t\t\t\t\t\t<\/div>\n\t\t\t\t\t<\/div>\n\t\t<\/div>\n\t\t\t\t<div class=\"elementor-column elementor-col-50 elementor-top-column elementor-element elementor-element-db03229\" data-id=\"db03229\" data-element_type=\"column\">\n\t\t\t<div class=\"elementor-column-wrap elementor-element-populated\">\n\t\t\t\t\t\t\t<div class=\"elementor-widget-wrap\">\n\t\t\t\t\t\t<div class=\"elementor-element elementor-element-cb62394 elementor-widget elementor-widget-image-gallery\" data-id=\"cb62394\" data-element_type=\"widget\" data-widget_type=\"image-gallery.default\">\n\t\t\t\t<div class=\"elementor-widget-container\">\n\t\t\t\t\t<div class=\"elementor-image-gallery\">\n\t\t\t<div id='gallery-1' class='gallery galleryid-213 gallery-columns-2 gallery-size-medium'><figure class='gallery-item'>\n\t\t\t<div class='gallery-icon portrait'>\n\t\t\t\t<a data-elementor-open-lightbox=\"yes\" data-elementor-lightbox-slideshow=\"cb62394\" data-elementor-lightbox-title=\"Eclosions\" e-action-hash=\"#elementor-action%3Aaction%3Dlightbox%26settings%3DeyJpZCI6Mjk1LCJ1cmwiOiJodHRwOlwvXC9kc291ZG9wbGF0b2ZmLmZyXC93cC1jb250ZW50XC91cGxvYWRzXC8yMDIwXC8xMFwvTUdfMDYyMC1zY2FsZWQuanBnIiwic2xpZGVzaG93IjoiY2I2MjM5NCJ9\" href='http:\/\/dsoudoplatoff.fr\/wp-content\/uploads\/2020\/10\/MG_0620-scaled.jpg'><img width=\"225\" height=\"300\" src=\"http:\/\/dsoudoplatoff.fr\/wp-content\/uploads\/2020\/10\/MG_0620-225x300.jpg\" class=\"attachment-medium size-medium\" alt=\"\" loading=\"lazy\" srcset=\"http:\/\/dsoudoplatoff.fr\/wp-content\/uploads\/2020\/10\/MG_0620-225x300.jpg 225w, http:\/\/dsoudoplatoff.fr\/wp-content\/uploads\/2020\/10\/MG_0620-scaled-416x555.jpg 416w, http:\/\/dsoudoplatoff.fr\/wp-content\/uploads\/2020\/10\/MG_0620-768x1024.jpg 768w, http:\/\/dsoudoplatoff.fr\/wp-content\/uploads\/2020\/10\/MG_0620-1152x1536.jpg 1152w, http:\/\/dsoudoplatoff.fr\/wp-content\/uploads\/2020\/10\/MG_0620-1536x2048.jpg 1536w, http:\/\/dsoudoplatoff.fr\/wp-content\/uploads\/2020\/10\/MG_0620-scaled.jpg 1920w\" sizes=\"(max-width: 225px) 100vw, 225px\" \/><\/a>\n\t\t\t<\/div><\/figure><figure class='gallery-item'>\n\t\t\t<div class='gallery-icon portrait'>\n\t\t\t\t<a data-elementor-open-lightbox=\"yes\" data-elementor-lightbox-slideshow=\"cb62394\" data-elementor-lightbox-title=\"Les murmurantes\" e-action-hash=\"#elementor-action%3Aaction%3Dlightbox%26settings%3DeyJpZCI6NzgxLCJ1cmwiOiJodHRwOlwvXC9kc291ZG9wbGF0b2ZmLmZyXC93cC1jb250ZW50XC91cGxvYWRzXC8yMDIwXC8xMVwvTUdfNzA0MF8tMS5qcGciLCJzbGlkZXNob3ciOiJjYjYyMzk0In0%3D\" href='http:\/\/dsoudoplatoff.fr\/wp-content\/uploads\/2020\/11\/MG_7040_-1.jpg'><img width=\"225\" height=\"300\" src=\"http:\/\/dsoudoplatoff.fr\/wp-content\/uploads\/2020\/11\/MG_7040_-1-225x300.jpg\" class=\"attachment-medium size-medium\" alt=\"\" loading=\"lazy\" aria-describedby=\"gallery-1-781\" srcset=\"http:\/\/dsoudoplatoff.fr\/wp-content\/uploads\/2020\/11\/MG_7040_-1-225x300.jpg 225w, http:\/\/dsoudoplatoff.fr\/wp-content\/uploads\/2020\/11\/MG_7040_-1.jpg 326w\" sizes=\"(max-width: 225px) 100vw, 225px\" \/><\/a>\n\t\t\t<\/div>\n\t\t\t\t<figcaption class='wp-caption-text gallery-caption' id='gallery-1-781'>\n\t\t\t\t8x8x6cm\n\t\t\t\t<\/figcaption><\/figure><figure class='gallery-item'>\n\t\t\t<div class='gallery-icon portrait'>\n\t\t\t\t<a data-elementor-open-lightbox=\"yes\" data-elementor-lightbox-slideshow=\"cb62394\" data-elementor-lightbox-title=\"marbre et terre - 10cm H\" e-action-hash=\"#elementor-action%3Aaction%3Dlightbox%26settings%3DeyJpZCI6NTU4LCJ1cmwiOiJodHRwOlwvXC9kc291ZG9wbGF0b2ZmLmZyXC93cC1jb250ZW50XC91cGxvYWRzXC8yMDIwXC8xMVwvTUdfMDU2N18uanBnIiwic2xpZGVzaG93IjoiY2I2MjM5NCJ9\" href='http:\/\/dsoudoplatoff.fr\/wp-content\/uploads\/2020\/11\/MG_0567_.jpg'><img width=\"225\" height=\"300\" src=\"http:\/\/dsoudoplatoff.fr\/wp-content\/uploads\/2020\/11\/MG_0567_-225x300.jpg\" class=\"attachment-medium size-medium\" alt=\"\" loading=\"lazy\" srcset=\"http:\/\/dsoudoplatoff.fr\/wp-content\/uploads\/2020\/11\/MG_0567_-225x300.jpg 225w, http:\/\/dsoudoplatoff.fr\/wp-content\/uploads\/2020\/11\/MG_0567_-416x555.jpg 416w, http:\/\/dsoudoplatoff.fr\/wp-content\/uploads\/2020\/11\/MG_0567_-768x1024.jpg 768w, http:\/\/dsoudoplatoff.fr\/wp-content\/uploads\/2020\/11\/MG_0567_-1152x1536.jpg 1152w, http:\/\/dsoudoplatoff.fr\/wp-content\/uploads\/2020\/11\/MG_0567_.jpg 1500w\" sizes=\"(max-width: 225px) 100vw, 225px\" \/><\/a>\n\t\t\t<\/div><\/figure><figure class='gallery-item'>\n\t\t\t<div class='gallery-icon portrait'>\n\t\t\t\t<a data-elementor-open-lightbox=\"yes\" data-elementor-lightbox-slideshow=\"cb62394\" data-elementor-lightbox-title=\"Blottis\" e-action-hash=\"#elementor-action%3Aaction%3Dlightbox%26settings%3DeyJpZCI6NzgyLCJ1cmwiOiJodHRwOlwvXC9kc291ZG9wbGF0b2ZmLmZyXC93cC1jb250ZW50XC91cGxvYWRzXC8yMDIwXC8xMVwvTUdfNzMyOV8tMS5qcGciLCJzbGlkZXNob3ciOiJjYjYyMzk0In0%3D\" href='http:\/\/dsoudoplatoff.fr\/wp-content\/uploads\/2020\/11\/MG_7329_-1.jpg'><img width=\"225\" height=\"300\" src=\"http:\/\/dsoudoplatoff.fr\/wp-content\/uploads\/2020\/11\/MG_7329_-1-225x300.jpg\" class=\"attachment-medium size-medium\" alt=\"\" loading=\"lazy\" srcset=\"http:\/\/dsoudoplatoff.fr\/wp-content\/uploads\/2020\/11\/MG_7329_-1-225x300.jpg 225w, http:\/\/dsoudoplatoff.fr\/wp-content\/uploads\/2020\/11\/MG_7329_-1-416x555.jpg 416w, http:\/\/dsoudoplatoff.fr\/wp-content\/uploads\/2020\/11\/MG_7329_-1-768x1025.jpg 768w, http:\/\/dsoudoplatoff.fr\/wp-content\/uploads\/2020\/11\/MG_7329_-1.jpg 892w\" sizes=\"(max-width: 225px) 100vw, 225px\" \/><\/a>\n\t\t\t<\/div><\/figure>\n\t\t<\/div>\n\t\t<\/div>\n\t\t\t\t<\/div>\n\t\t\t\t<\/div>\n\t\t\t\t\t\t<\/div>\n\t\t\t\t\t<\/div>\n\t\t<\/div>\n\t\t\t\t\t\t\t\t<\/div>\n\t\t\t\t\t<\/div>\n\t\t<\/section>\n\t\t\t\t\t\t\t\t\t<\/div>\n\t\t\t<\/div>\n\t\t\t\t\t<\/div>\n\t\t","protected":false},"excerpt":{"rendered":"<p>Dans son travail en sculpture, Dominique Soudoplatoff aime la confrontation avec la mati\u00e8re qui lui transmet une sorte d&#8217;\u00e9nergie vitale: la densit\u00e9 sensuelle de la pierre, la chaleur du bois et de la terre, la fragilit\u00e9 du papier et de la porcelaine. Par des formes simples aux lignes \u00e9pur\u00e9es, elle tente d&#8217;exprimer la pr\u00e9sence humaine, [&hellip;]<\/p>\n","protected":false},"author":1,"featured_media":0,"parent":0,"menu_order":0,"comment_status":"closed","ping_status":"closed","template":"","meta":[],"_links":{"self":[{"href":"http:\/\/dsoudoplatoff.fr\/index.php\/wp-json\/wp\/v2\/pages\/213"}],"collection":[{"href":"http:\/\/dsoudoplatoff.fr\/index.php\/wp-json\/wp\/v2\/pages"}],"about":[{"href":"http:\/\/dsoudoplatoff.fr\/index.php\/wp-json\/wp\/v2\/types\/page"}],"author":[{"embeddable":true,"href":"http:\/\/dsoudoplatoff.fr\/index.php\/wp-json\/wp\/v2\/users\/1"}],"replies":[{"embeddable":true,"href":"http:\/\/dsoudoplatoff.fr\/index.php\/wp-json\/wp\/v2\/comments?post=213"}],"version-history":[{"count":85,"href":"http:\/\/dsoudoplatoff.fr\/index.php\/wp-json\/wp\/v2\/pages\/213\/revisions"}],"predecessor-version":[{"id":1066,"href":"http:\/\/dsoudoplatoff.fr\/index.php\/wp-json\/wp\/v2\/pages\/213\/revisions\/1066"}],"wp:attachment":[{"href":"http:\/\/dsoudoplatoff.fr\/index.php\/wp-json\/wp\/v2\/media?parent=213"}],"curies":[{"name":"wp","href":"https:\/\/api.w.org\/{rel}","templated":true}]}}