{"id":216,"date":"2020-10-12T12:16:46","date_gmt":"2020-10-12T10:16:46","guid":{"rendered":"http:\/\/dsoudoplatoff.fr\/?page_id=216"},"modified":"2020-11-15T17:50:29","modified_gmt":"2020-11-15T16:50:29","slug":"gravure","status":"publish","type":"page","link":"http:\/\/dsoudoplatoff.fr\/index.php\/gravure\/","title":{"rendered":"GRAVURE"},"content":{"rendered":"\t\t<div data-elementor-type=\"wp-page\" data-elementor-id=\"216\" class=\"elementor elementor-216\">\n\t\t\t\t\t\t<div class=\"elementor-inner\">\n\t\t\t\t<div class=\"elementor-section-wrap\">\n\t\t\t\t\t\t\t\t\t<section class=\"elementor-section elementor-top-section elementor-element elementor-element-7087cf1 elementor-section-boxed elementor-section-height-default elementor-section-height-default\" data-id=\"7087cf1\" data-element_type=\"section\">\n\t\t\t\t\t\t<div class=\"elementor-container elementor-column-gap-default\">\n\t\t\t\t\t\t\t<div class=\"elementor-row\">\n\t\t\t\t\t<div class=\"elementor-column elementor-col-100 elementor-top-column elementor-element elementor-element-62befa7\" data-id=\"62befa7\" data-element_type=\"column\">\n\t\t\t<div class=\"elementor-column-wrap elementor-element-populated\">\n\t\t\t\t\t\t\t<div class=\"elementor-widget-wrap\">\n\t\t\t\t\t\t<div class=\"elementor-element elementor-element-217de06 elementor-widget elementor-widget-spacer\" data-id=\"217de06\" data-element_type=\"widget\" data-widget_type=\"spacer.default\">\n\t\t\t\t<div class=\"elementor-widget-container\">\n\t\t\t\t\t<div class=\"elementor-spacer\">\n\t\t\t<div class=\"elementor-spacer-inner\"><\/div>\n\t\t<\/div>\n\t\t\t\t<\/div>\n\t\t\t\t<\/div>\n\t\t\t\t\t\t<\/div>\n\t\t\t\t\t<\/div>\n\t\t<\/div>\n\t\t\t\t\t\t\t\t<\/div>\n\t\t\t\t\t<\/div>\n\t\t<\/section>\n\t\t\t\t<section class=\"elementor-section elementor-top-section elementor-element elementor-element-0684bfe elementor-section-boxed elementor-section-height-default elementor-section-height-default\" data-id=\"0684bfe\" data-element_type=\"section\">\n\t\t\t\t\t\t<div class=\"elementor-container elementor-column-gap-default\">\n\t\t\t\t\t\t\t<div class=\"elementor-row\">\n\t\t\t\t\t<div class=\"elementor-column elementor-col-50 elementor-top-column elementor-element elementor-element-b44883a\" data-id=\"b44883a\" data-element_type=\"column\">\n\t\t\t<div class=\"elementor-column-wrap elementor-element-populated\">\n\t\t\t\t\t\t\t<div class=\"elementor-widget-wrap\">\n\t\t\t\t\t\t<div class=\"elementor-element elementor-element-031477b elementor-widget elementor-widget-text-editor\" data-id=\"031477b\" data-element_type=\"widget\" data-widget_type=\"text-editor.default\">\n\t\t\t\t<div class=\"elementor-widget-container\">\n\t\t\t\t\t\t\t\t<div class=\"elementor-text-editor elementor-clearfix\">\n\t\t\t\t<p><br><\/p><p><span style=\"font-size: 18px;\"><br><\/span><\/p><p><span style=\"font-size: 18px;\">En \u00e9cho \u00e0 sa recherche en sculpture, la pratique r\u00e9guli\u00e8re du dessin et de la gravure nourrit son imaginaire et lui permet d&#8217;explorer et de transcrire un univers d&#8217;ombre et de lumi\u00e8re.&nbsp;<\/span><br><\/p>\t\t\t\t\t<\/div>\n\t\t\t\t\t\t<\/div>\n\t\t\t\t<\/div>\n\t\t\t\t\t\t<\/div>\n\t\t\t\t\t<\/div>\n\t\t<\/div>\n\t\t\t\t<div class=\"elementor-column elementor-col-50 elementor-top-column elementor-element elementor-element-6e5815b\" data-id=\"6e5815b\" data-element_type=\"column\">\n\t\t\t<div class=\"elementor-column-wrap elementor-element-populated\">\n\t\t\t\t\t\t\t<div class=\"elementor-widget-wrap\">\n\t\t\t\t\t\t<div class=\"elementor-element elementor-element-0d507f1 elementor-widget elementor-widget-image-gallery\" data-id=\"0d507f1\" data-element_type=\"widget\" data-widget_type=\"image-gallery.default\">\n\t\t\t\t<div class=\"elementor-widget-container\">\n\t\t\t\t\t<div class=\"elementor-image-gallery\">\n\t\t\t<div id='gallery-1' class='gallery galleryid-216 gallery-columns-2 gallery-size-medium'><figure class='gallery-item'>\n\t\t\t<div class='gallery-icon portrait'>\n\t\t\t\t<a data-elementor-open-lightbox=\"yes\" data-elementor-lightbox-slideshow=\"0d507f1\" e-action-hash=\"#elementor-action%3Aaction%3Dlightbox%26settings%3DeyJpZCI6ODQ5LCJ1cmwiOiJodHRwOlwvXC9kc291ZG9wbGF0b2ZmLmZyXC93cC1jb250ZW50XC91cGxvYWRzXC8yMDIwXC8xMVwvMjAxNzAzMTZfMTIwNTEwXy5qcGciLCJzbGlkZXNob3ciOiIwZDUwN2YxIn0%3D\" href='http:\/\/dsoudoplatoff.fr\/wp-content\/uploads\/2020\/11\/20170316_120510_.jpg'><img width=\"225\" height=\"300\" src=\"http:\/\/dsoudoplatoff.fr\/wp-content\/uploads\/2020\/11\/20170316_120510_-225x300.jpg\" class=\"attachment-medium size-medium\" alt=\"\" loading=\"lazy\" srcset=\"http:\/\/dsoudoplatoff.fr\/wp-content\/uploads\/2020\/11\/20170316_120510_-225x300.jpg 225w, http:\/\/dsoudoplatoff.fr\/wp-content\/uploads\/2020\/11\/20170316_120510_-416x555.jpg 416w, http:\/\/dsoudoplatoff.fr\/wp-content\/uploads\/2020\/11\/20170316_120510_-768x1024.jpg 768w, http:\/\/dsoudoplatoff.fr\/wp-content\/uploads\/2020\/11\/20170316_120510_-1152x1536.jpg 1152w, http:\/\/dsoudoplatoff.fr\/wp-content\/uploads\/2020\/11\/20170316_120510_.jpg 1288w\" sizes=\"(max-width: 225px) 100vw, 225px\" \/><\/a>\n\t\t\t<\/div><\/figure><figure class='gallery-item'>\n\t\t\t<div class='gallery-icon portrait'>\n\t\t\t\t<a data-elementor-open-lightbox=\"yes\" data-elementor-lightbox-slideshow=\"0d507f1\" e-action-hash=\"#elementor-action%3Aaction%3Dlightbox%26settings%3DeyJpZCI6ODUwLCJ1cmwiOiJodHRwOlwvXC9kc291ZG9wbGF0b2ZmLmZyXC93cC1jb250ZW50XC91cGxvYWRzXC8yMDIwXC8xMVwvU2Fucy10aXRyZS0xLmpwZyIsInNsaWRlc2hvdyI6IjBkNTA3ZjEifQ%3D%3D\" href='http:\/\/dsoudoplatoff.fr\/wp-content\/uploads\/2020\/11\/Sans-titre-1.jpg'><img width=\"225\" height=\"300\" src=\"http:\/\/dsoudoplatoff.fr\/wp-content\/uploads\/2020\/11\/Sans-titre-1-225x300.jpg\" class=\"attachment-medium size-medium\" alt=\"\" loading=\"lazy\" srcset=\"http:\/\/dsoudoplatoff.fr\/wp-content\/uploads\/2020\/11\/Sans-titre-1-225x300.jpg 225w, http:\/\/dsoudoplatoff.fr\/wp-content\/uploads\/2020\/11\/Sans-titre-1-416x555.jpg 416w, http:\/\/dsoudoplatoff.fr\/wp-content\/uploads\/2020\/11\/Sans-titre-1-768x1024.jpg 768w, http:\/\/dsoudoplatoff.fr\/wp-content\/uploads\/2020\/11\/Sans-titre-1.jpg 1112w\" sizes=\"(max-width: 225px) 100vw, 225px\" \/><\/a>\n\t\t\t<\/div><\/figure><figure class='gallery-item'>\n\t\t\t<div class='gallery-icon portrait'>\n\t\t\t\t<a data-elementor-open-lightbox=\"yes\" data-elementor-lightbox-slideshow=\"0d507f1\" e-action-hash=\"#elementor-action%3Aaction%3Dlightbox%26settings%3DeyJpZCI6ODUyLCJ1cmwiOiJodHRwOlwvXC9kc291ZG9wbGF0b2ZmLmZyXC93cC1jb250ZW50XC91cGxvYWRzXC8yMDIwXC8xMVwvTUdfMDAyMC5qcGciLCJzbGlkZXNob3ciOiIwZDUwN2YxIn0%3D\" href='http:\/\/dsoudoplatoff.fr\/wp-content\/uploads\/2020\/11\/MG_0020.jpg'><img width=\"225\" height=\"300\" src=\"http:\/\/dsoudoplatoff.fr\/wp-content\/uploads\/2020\/11\/MG_0020-225x300.jpg\" class=\"attachment-medium size-medium\" alt=\"\" loading=\"lazy\" srcset=\"http:\/\/dsoudoplatoff.fr\/wp-content\/uploads\/2020\/11\/MG_0020-225x300.jpg 225w, http:\/\/dsoudoplatoff.fr\/wp-content\/uploads\/2020\/11\/MG_0020-416x555.jpg 416w, http:\/\/dsoudoplatoff.fr\/wp-content\/uploads\/2020\/11\/MG_0020.jpg 528w\" sizes=\"(max-width: 225px) 100vw, 225px\" \/><\/a>\n\t\t\t<\/div><\/figure><figure class='gallery-item'>\n\t\t\t<div class='gallery-icon portrait'>\n\t\t\t\t<a data-elementor-open-lightbox=\"yes\" data-elementor-lightbox-slideshow=\"0d507f1\" e-action-hash=\"#elementor-action%3Aaction%3Dlightbox%26settings%3DeyJpZCI6ODQ4LCJ1cmwiOiJodHRwOlwvXC9kc291ZG9wbGF0b2ZmLmZyXC93cC1jb250ZW50XC91cGxvYWRzXC8yMDIwXC8xMVwvMjAxNzAzMTVfMTU0NzUwXy5qcGciLCJzbGlkZXNob3ciOiIwZDUwN2YxIn0%3D\" href='http:\/\/dsoudoplatoff.fr\/wp-content\/uploads\/2020\/11\/20170315_154750_.jpg'><img width=\"225\" height=\"300\" src=\"http:\/\/dsoudoplatoff.fr\/wp-content\/uploads\/2020\/11\/20170315_154750_-225x300.jpg\" class=\"attachment-medium size-medium\" alt=\"\" loading=\"lazy\" srcset=\"http:\/\/dsoudoplatoff.fr\/wp-content\/uploads\/2020\/11\/20170315_154750_-225x300.jpg 225w, http:\/\/dsoudoplatoff.fr\/wp-content\/uploads\/2020\/11\/20170315_154750_-416x555.jpg 416w, http:\/\/dsoudoplatoff.fr\/wp-content\/uploads\/2020\/11\/20170315_154750_.jpg 456w\" sizes=\"(max-width: 225px) 100vw, 225px\" \/><\/a>\n\t\t\t<\/div><\/figure>\n\t\t<\/div>\n\t\t<\/div>\n\t\t\t\t<\/div>\n\t\t\t\t<\/div>\n\t\t\t\t\t\t<\/div>\n\t\t\t\t\t<\/div>\n\t\t<\/div>\n\t\t\t\t\t\t\t\t<\/div>\n\t\t\t\t\t<\/div>\n\t\t<\/section>\n\t\t\t\t\t\t\t\t\t<\/div>\n\t\t\t<\/div>\n\t\t\t\t\t<\/div>\n\t\t","protected":false},"excerpt":{"rendered":"<p>En \u00e9cho \u00e0 sa recherche en sculpture, la pratique r\u00e9guli\u00e8re du dessin et de la gravure nourrit son imaginaire et lui permet d&#8217;explorer et de transcrire un univers d&#8217;ombre et de lumi\u00e8re.&nbsp;<\/p>\n","protected":false},"author":1,"featured_media":0,"parent":0,"menu_order":0,"comment_status":"closed","ping_status":"closed","template":"","meta":[],"_links":{"self":[{"href":"http:\/\/dsoudoplatoff.fr\/index.php\/wp-json\/wp\/v2\/pages\/216"}],"collection":[{"href":"http:\/\/dsoudoplatoff.fr\/index.php\/wp-json\/wp\/v2\/pages"}],"about":[{"href":"http:\/\/dsoudoplatoff.fr\/index.php\/wp-json\/wp\/v2\/types\/page"}],"author":[{"embeddable":true,"href":"http:\/\/dsoudoplatoff.fr\/index.php\/wp-json\/wp\/v2\/users\/1"}],"replies":[{"embeddable":true,"href":"http:\/\/dsoudoplatoff.fr\/index.php\/wp-json\/wp\/v2\/comments?post=216"}],"version-history":[{"count":25,"href":"http:\/\/dsoudoplatoff.fr\/index.php\/wp-json\/wp\/v2\/pages\/216\/revisions"}],"predecessor-version":[{"id":858,"href":"http:\/\/dsoudoplatoff.fr\/index.php\/wp-json\/wp\/v2\/pages\/216\/revisions\/858"}],"wp:attachment":[{"href":"http:\/\/dsoudoplatoff.fr\/index.php\/wp-json\/wp\/v2\/media?parent=216"}],"curies":[{"name":"wp","href":"https:\/\/api.w.org\/{rel}","templated":true}]}}