{"id":233,"date":"2020-10-12T14:54:21","date_gmt":"2020-10-12T12:54:21","guid":{"rendered":"http:\/\/dsoudoplatoff.fr\/?page_id=233"},"modified":"2020-11-21T16:40:59","modified_gmt":"2020-11-21T15:40:59","slug":"passagers","status":"publish","type":"page","link":"http:\/\/dsoudoplatoff.fr\/index.php\/passagers\/","title":{"rendered":"PASSAGERS"},"content":{"rendered":"\t\t<div data-elementor-type=\"wp-page\" data-elementor-id=\"233\" class=\"elementor elementor-233\">\n\t\t\t\t\t\t<div class=\"elementor-inner\">\n\t\t\t\t<div class=\"elementor-section-wrap\">\n\t\t\t\t\t\t\t\t\t<section class=\"elementor-section elementor-top-section elementor-element elementor-element-5ef4279 elementor-section-boxed elementor-section-height-default elementor-section-height-default\" data-id=\"5ef4279\" data-element_type=\"section\">\n\t\t\t\t\t\t<div class=\"elementor-container elementor-column-gap-default\">\n\t\t\t\t\t\t\t<div class=\"elementor-row\">\n\t\t\t\t\t<div class=\"elementor-column elementor-col-100 elementor-top-column elementor-element elementor-element-9d0220e\" data-id=\"9d0220e\" data-element_type=\"column\">\n\t\t\t<div class=\"elementor-column-wrap elementor-element-populated\">\n\t\t\t\t\t\t\t<div class=\"elementor-widget-wrap\">\n\t\t\t\t\t\t<div class=\"elementor-element elementor-element-2d357fd elementor-widget elementor-widget-spacer\" data-id=\"2d357fd\" data-element_type=\"widget\" data-widget_type=\"spacer.default\">\n\t\t\t\t<div class=\"elementor-widget-container\">\n\t\t\t\t\t<div class=\"elementor-spacer\">\n\t\t\t<div class=\"elementor-spacer-inner\"><\/div>\n\t\t<\/div>\n\t\t\t\t<\/div>\n\t\t\t\t<\/div>\n\t\t\t\t\t\t<\/div>\n\t\t\t\t\t<\/div>\n\t\t<\/div>\n\t\t\t\t\t\t\t\t<\/div>\n\t\t\t\t\t<\/div>\n\t\t<\/section>\n\t\t\t\t<section class=\"elementor-section elementor-top-section elementor-element elementor-element-fcd6603 elementor-section-boxed elementor-section-height-default elementor-section-height-default\" data-id=\"fcd6603\" data-element_type=\"section\">\n\t\t\t\t\t\t<div class=\"elementor-container elementor-column-gap-default\">\n\t\t\t\t\t\t\t<div class=\"elementor-row\">\n\t\t\t\t\t<div class=\"elementor-column elementor-col-100 elementor-top-column elementor-element elementor-element-7eba32a\" data-id=\"7eba32a\" data-element_type=\"column\">\n\t\t\t<div class=\"elementor-column-wrap elementor-element-populated\">\n\t\t\t\t\t\t\t<div class=\"elementor-widget-wrap\">\n\t\t\t\t\t\t<div class=\"elementor-element elementor-element-76849be elementor-widget elementor-widget-heading\" data-id=\"76849be\" data-element_type=\"widget\" data-widget_type=\"heading.default\">\n\t\t\t\t<div class=\"elementor-widget-container\">\n\t\t\t<h2 class=\"elementor-heading-title elementor-size-default\">PASSAGERS <\/h2>\t\t<\/div>\n\t\t\t\t<\/div>\n\t\t\t\t\t\t<\/div>\n\t\t\t\t\t<\/div>\n\t\t<\/div>\n\t\t\t\t\t\t\t\t<\/div>\n\t\t\t\t\t<\/div>\n\t\t<\/section>\n\t\t\t\t<section class=\"elementor-section elementor-top-section elementor-element elementor-element-5ace047 elementor-section-boxed elementor-section-height-default elementor-section-height-default\" data-id=\"5ace047\" data-element_type=\"section\">\n\t\t\t\t\t\t<div class=\"elementor-container elementor-column-gap-default\">\n\t\t\t\t\t\t\t<div class=\"elementor-row\">\n\t\t\t\t\t<div class=\"elementor-column elementor-col-100 elementor-top-column elementor-element elementor-element-7881f74\" data-id=\"7881f74\" data-element_type=\"column\">\n\t\t\t<div class=\"elementor-column-wrap elementor-element-populated\">\n\t\t\t\t\t\t\t<div class=\"elementor-widget-wrap\">\n\t\t\t\t\t\t<div class=\"elementor-element elementor-element-14da6c6 elementor-widget elementor-widget-spacer\" data-id=\"14da6c6\" data-element_type=\"widget\" data-widget_type=\"spacer.default\">\n\t\t\t\t<div class=\"elementor-widget-container\">\n\t\t\t\t\t<div class=\"elementor-spacer\">\n\t\t\t<div class=\"elementor-spacer-inner\"><\/div>\n\t\t<\/div>\n\t\t\t\t<\/div>\n\t\t\t\t<\/div>\n\t\t\t\t\t\t<\/div>\n\t\t\t\t\t<\/div>\n\t\t<\/div>\n\t\t\t\t\t\t\t\t<\/div>\n\t\t\t\t\t<\/div>\n\t\t<\/section>\n\t\t\t\t<section class=\"elementor-section elementor-top-section elementor-element elementor-element-f346561 elementor-section-boxed elementor-section-height-default elementor-section-height-default\" data-id=\"f346561\" data-element_type=\"section\">\n\t\t\t\t\t\t<div class=\"elementor-container elementor-column-gap-default\">\n\t\t\t\t\t\t\t<div class=\"elementor-row\">\n\t\t\t\t\t<div class=\"elementor-column elementor-col-100 elementor-top-column elementor-element elementor-element-6fd95d5\" data-id=\"6fd95d5\" data-element_type=\"column\">\n\t\t\t<div class=\"elementor-column-wrap elementor-element-populated\">\n\t\t\t\t\t\t\t<div class=\"elementor-widget-wrap\">\n\t\t\t\t\t\t<div class=\"elementor-element elementor-element-2811d36 elementor-widget elementor-widget-text-editor\" data-id=\"2811d36\" data-element_type=\"widget\" data-widget_type=\"text-editor.default\">\n\t\t\t\t<div class=\"elementor-widget-container\">\n\t\t\t\t\t\t\t\t<div class=\"elementor-text-editor elementor-clearfix\">\n\t\t\t\t<p>Marbre et terre<\/p>\t\t\t\t\t<\/div>\n\t\t\t\t\t\t<\/div>\n\t\t\t\t<\/div>\n\t\t\t\t\t\t<\/div>\n\t\t\t\t\t<\/div>\n\t\t<\/div>\n\t\t\t\t\t\t\t\t<\/div>\n\t\t\t\t\t<\/div>\n\t\t<\/section>\n\t\t\t\t<section class=\"elementor-section elementor-top-section elementor-element elementor-element-c8cd60d elementor-section-boxed elementor-section-height-default elementor-section-height-default\" data-id=\"c8cd60d\" data-element_type=\"section\">\n\t\t\t\t\t\t<div class=\"elementor-container elementor-column-gap-default\">\n\t\t\t\t\t\t\t<div class=\"elementor-row\">\n\t\t\t\t\t<div class=\"elementor-column elementor-col-50 elementor-top-column elementor-element elementor-element-f2c3425\" data-id=\"f2c3425\" data-element_type=\"column\">\n\t\t\t<div class=\"elementor-column-wrap elementor-element-populated\">\n\t\t\t\t\t\t\t<div class=\"elementor-widget-wrap\">\n\t\t\t\t\t\t<div class=\"elementor-element elementor-element-355105f elementor-widget elementor-widget-image-gallery\" data-id=\"355105f\" data-element_type=\"widget\" data-widget_type=\"image-gallery.default\">\n\t\t\t\t<div class=\"elementor-widget-container\">\n\t\t\t\t\t<div class=\"elementor-image-gallery\">\n\t\t\t<div id='gallery-1' class='gallery galleryid-233 gallery-columns-1 gallery-size-medium_large'><figure class='gallery-item'>\n\t\t\t<div class='gallery-icon landscape'>\n\t\t\t\t<a data-elementor-open-lightbox=\"yes\" data-elementor-lightbox-slideshow=\"355105f\" data-elementor-lightbox-title=\"Passagers\" data-elementor-lightbox-description=\"30x08 cm \" e-action-hash=\"#elementor-action%3Aaction%3Dlightbox%26settings%3DeyJpZCI6MTc3LCJ1cmwiOiJodHRwOlwvXC9kc291ZG9wbGF0b2ZmLmZyXC93cC1jb250ZW50XC91cGxvYWRzXC8yMDIwXC8xMFwvZHNfcGFzc2FnMDEuanBnIiwic2xpZGVzaG93IjoiMzU1MTA1ZiJ9\" href='http:\/\/dsoudoplatoff.fr\/wp-content\/uploads\/2020\/10\/ds_passag01.jpg'><img width=\"683\" height=\"512\" src=\"http:\/\/dsoudoplatoff.fr\/wp-content\/uploads\/2020\/10\/ds_passag01.jpg\" class=\"attachment-medium_large size-medium_large\" alt=\"\" loading=\"lazy\" srcset=\"http:\/\/dsoudoplatoff.fr\/wp-content\/uploads\/2020\/10\/ds_passag01.jpg 683w, http:\/\/dsoudoplatoff.fr\/wp-content\/uploads\/2020\/10\/ds_passag01-416x312.jpg 416w, http:\/\/dsoudoplatoff.fr\/wp-content\/uploads\/2020\/10\/ds_passag01-300x225.jpg 300w\" sizes=\"(max-width: 683px) 100vw, 683px\" \/><\/a>\n\t\t\t<\/div><\/figure><figure class='gallery-item'>\n\t\t\t<div class='gallery-icon landscape'>\n\t\t\t\t<a data-elementor-open-lightbox=\"yes\" data-elementor-lightbox-slideshow=\"355105f\" data-elementor-lightbox-title=\"Passagers\" data-elementor-lightbox-description=\"17x11 cm\" e-action-hash=\"#elementor-action%3Aaction%3Dlightbox%26settings%3DeyJpZCI6MTgxLCJ1cmwiOiJodHRwOlwvXC9kc291ZG9wbGF0b2ZmLmZyXC93cC1jb250ZW50XC91cGxvYWRzXC8yMDIwXC8xMFwvZHNfcGFzc2FnMDYuanBnIiwic2xpZGVzaG93IjoiMzU1MTA1ZiJ9\" href='http:\/\/dsoudoplatoff.fr\/wp-content\/uploads\/2020\/10\/ds_passag06.jpg'><img width=\"683\" height=\"512\" src=\"http:\/\/dsoudoplatoff.fr\/wp-content\/uploads\/2020\/10\/ds_passag06.jpg\" class=\"attachment-medium_large size-medium_large\" alt=\"\" loading=\"lazy\" srcset=\"http:\/\/dsoudoplatoff.fr\/wp-content\/uploads\/2020\/10\/ds_passag06.jpg 683w, http:\/\/dsoudoplatoff.fr\/wp-content\/uploads\/2020\/10\/ds_passag06-416x312.jpg 416w, http:\/\/dsoudoplatoff.fr\/wp-content\/uploads\/2020\/10\/ds_passag06-300x225.jpg 300w\" sizes=\"(max-width: 683px) 100vw, 683px\" \/><\/a>\n\t\t\t<\/div><\/figure><figure class='gallery-item'>\n\t\t\t<div class='gallery-icon landscape'>\n\t\t\t\t<a data-elementor-open-lightbox=\"yes\" data-elementor-lightbox-slideshow=\"355105f\" data-elementor-lightbox-title=\"Passagers\" data-elementor-lightbox-description=\"10,5x6,5 cm\" e-action-hash=\"#elementor-action%3Aaction%3Dlightbox%26settings%3DeyJpZCI6MTgyLCJ1cmwiOiJodHRwOlwvXC9kc291ZG9wbGF0b2ZmLmZyXC93cC1jb250ZW50XC91cGxvYWRzXC8yMDIwXC8xMFwvZHNfcGFzc2FnMDcuanBnIiwic2xpZGVzaG93IjoiMzU1MTA1ZiJ9\" href='http:\/\/dsoudoplatoff.fr\/wp-content\/uploads\/2020\/10\/ds_passag07.jpg'><img width=\"683\" height=\"512\" src=\"http:\/\/dsoudoplatoff.fr\/wp-content\/uploads\/2020\/10\/ds_passag07.jpg\" class=\"attachment-medium_large size-medium_large\" alt=\"\" loading=\"lazy\" srcset=\"http:\/\/dsoudoplatoff.fr\/wp-content\/uploads\/2020\/10\/ds_passag07.jpg 683w, http:\/\/dsoudoplatoff.fr\/wp-content\/uploads\/2020\/10\/ds_passag07-416x312.jpg 416w, http:\/\/dsoudoplatoff.fr\/wp-content\/uploads\/2020\/10\/ds_passag07-300x225.jpg 300w\" sizes=\"(max-width: 683px) 100vw, 683px\" \/><\/a>\n\t\t\t<\/div><\/figure>\n\t\t<\/div>\n\t\t<\/div>\n\t\t\t\t<\/div>\n\t\t\t\t<\/div>\n\t\t\t\t\t\t<\/div>\n\t\t\t\t\t<\/div>\n\t\t<\/div>\n\t\t\t\t<div class=\"elementor-column elementor-col-50 elementor-top-column elementor-element elementor-element-3d17e60\" data-id=\"3d17e60\" data-element_type=\"column\">\n\t\t\t<div class=\"elementor-column-wrap elementor-element-populated\">\n\t\t\t\t\t\t\t<div class=\"elementor-widget-wrap\">\n\t\t\t\t\t\t<div class=\"elementor-element elementor-element-f5327ee elementor-widget elementor-widget-text-editor\" data-id=\"f5327ee\" data-element_type=\"widget\" data-widget_type=\"text-editor.default\">\n\t\t\t\t<div class=\"elementor-widget-container\">\n\t\t\t\t\t\t\t\t<div class=\"elementor-text-editor elementor-clearfix\">\n\t\t\t\t<p style=\"text-align: left;\">De la pierre incis\u00e9e par l&#8217;outil, jaillit l&#8217;\u00e9clat de marbre cristallin.<\/p>\n<p>Alors, des silhouettes naissent, fragiles et diaphanes. Incrust\u00e9es dans la terre, elles se meuvent en silence dans un espace intemporel.<\/p>\n<p>Pr\u00e9sences translucides, elles se croisent sur les sillons profonds, empruntent une \u00e9troite ligne de cr\u00eate ou se rassemblent, le temps d&#8217;une halte, dans la pleine lumi\u00e8re. Certaines, solitaires, s&#8217;\u00e9loignent dans l&#8217;immensit\u00e9 du monde. Mais, toutes murmurent imperceptiblement leur histoire, notre histoire&#8230;<\/p>\n<p><span style=\"font-size: 18px;\"><br><\/span><\/p>\n<p><span style=\"font-size: 18px;\"><br><\/span><\/p>\n<p><span style=\"font-size: 18px;\"><br><\/span><\/p>\n<p><span style=\"font-size: 18px;\"><br><\/span><\/p>\n<p><span style=\"font-size: 18px;\"><br><\/span><\/p>\n<p><span style=\"font-size: 18px;\"><br><\/span><\/p>\n<p><span style=\"font-size: 18px;\"><br><\/span><\/p>\n<p><br><\/p>\n<p><span style=\"font-size: 18px;\">P<\/span><span style=\"font-size: 18px;\">hotographies Passagers : \u00a9 Brunot Farat<\/span><\/p>\t\t\t\t\t<\/div>\n\t\t\t\t\t\t<\/div>\n\t\t\t\t<\/div>\n\t\t\t\t\t\t<\/div>\n\t\t\t\t\t<\/div>\n\t\t<\/div>\n\t\t\t\t\t\t\t\t<\/div>\n\t\t\t\t\t<\/div>\n\t\t<\/section>\n\t\t\t\t<section class=\"elementor-section elementor-top-section elementor-element elementor-element-3c28a4a elementor-section-boxed elementor-section-height-default elementor-section-height-default\" data-id=\"3c28a4a\" data-element_type=\"section\">\n\t\t\t\t\t\t<div class=\"elementor-container elementor-column-gap-default\">\n\t\t\t\t\t\t\t<div class=\"elementor-row\">\n\t\t\t\t\t<div class=\"elementor-column elementor-col-50 elementor-top-column elementor-element elementor-element-a903679\" data-id=\"a903679\" data-element_type=\"column\">\n\t\t\t<div class=\"elementor-column-wrap\">\n\t\t\t\t\t\t\t<div class=\"elementor-widget-wrap\">\n\t\t\t\t\t\t\t\t<\/div>\n\t\t\t\t\t<\/div>\n\t\t<\/div>\n\t\t\t\t<div class=\"elementor-column elementor-col-50 elementor-top-column elementor-element elementor-element-616583e\" data-id=\"616583e\" data-element_type=\"column\">\n\t\t\t<div class=\"elementor-column-wrap elementor-element-populated\">\n\t\t\t\t\t\t\t<div class=\"elementor-widget-wrap\">\n\t\t\t\t\t\t<div class=\"elementor-element elementor-element-0b6b5b8 elementor-widget elementor-widget-image-gallery\" data-id=\"0b6b5b8\" data-element_type=\"widget\" data-widget_type=\"image-gallery.default\">\n\t\t\t\t<div class=\"elementor-widget-container\">\n\t\t\t\t\t<div class=\"elementor-image-gallery\">\n\t\t\t<div id='gallery-2' class='gallery galleryid-233 gallery-columns-1 gallery-size-medium_large'><figure class='gallery-item'>\n\t\t\t<div class='gallery-icon landscape'>\n\t\t\t\t<a data-elementor-open-lightbox=\"yes\" data-elementor-lightbox-slideshow=\"0b6b5b8\" data-elementor-lightbox-title=\"Passagers\" data-elementor-lightbox-description=\"28x28 cm\" e-action-hash=\"#elementor-action%3Aaction%3Dlightbox%26settings%3DeyJpZCI6MTkwLCJ1cmwiOiJodHRwOlwvXC9kc291ZG9wbGF0b2ZmLmZyXC93cC1jb250ZW50XC91cGxvYWRzXC8yMDIwXC8xMFwvTDEwMDAwOTYtc2NhbGVkLmpwZyIsInNsaWRlc2hvdyI6IjBiNmI1YjgifQ%3D%3D\" href='http:\/\/dsoudoplatoff.fr\/wp-content\/uploads\/2020\/10\/L1000096-scaled.jpg'><img width=\"768\" height=\"605\" src=\"http:\/\/dsoudoplatoff.fr\/wp-content\/uploads\/2020\/10\/L1000096-768x605.jpg\" class=\"attachment-medium_large size-medium_large\" alt=\"\" loading=\"lazy\" srcset=\"http:\/\/dsoudoplatoff.fr\/wp-content\/uploads\/2020\/10\/L1000096-768x605.jpg 768w, http:\/\/dsoudoplatoff.fr\/wp-content\/uploads\/2020\/10\/L1000096-scaled-416x327.jpg 416w, http:\/\/dsoudoplatoff.fr\/wp-content\/uploads\/2020\/10\/L1000096-300x236.jpg 300w, http:\/\/dsoudoplatoff.fr\/wp-content\/uploads\/2020\/10\/L1000096-1024x806.jpg 1024w, http:\/\/dsoudoplatoff.fr\/wp-content\/uploads\/2020\/10\/L1000096-1536x1209.jpg 1536w, http:\/\/dsoudoplatoff.fr\/wp-content\/uploads\/2020\/10\/L1000096-2048x1612.jpg 2048w\" sizes=\"(max-width: 768px) 100vw, 768px\" \/><\/a>\n\t\t\t<\/div><\/figure><figure class='gallery-item'>\n\t\t\t<div class='gallery-icon landscape'>\n\t\t\t\t<a data-elementor-open-lightbox=\"yes\" data-elementor-lightbox-slideshow=\"0b6b5b8\" data-elementor-lightbox-title=\"Passagers\" data-elementor-lightbox-description=\"35x35 cm \" e-action-hash=\"#elementor-action%3Aaction%3Dlightbox%26settings%3DeyJpZCI6MTkxLCJ1cmwiOiJodHRwOlwvXC9kc291ZG9wbGF0b2ZmLmZyXC93cC1jb250ZW50XC91cGxvYWRzXC8yMDIwXC8xMFwvTDEwMDAwOTgtc2NhbGVkLmpwZyIsInNsaWRlc2hvdyI6IjBiNmI1YjgifQ%3D%3D\" href='http:\/\/dsoudoplatoff.fr\/wp-content\/uploads\/2020\/10\/L1000098-scaled.jpg'><img width=\"768\" height=\"566\" src=\"http:\/\/dsoudoplatoff.fr\/wp-content\/uploads\/2020\/10\/L1000098-768x566.jpg\" class=\"attachment-medium_large size-medium_large\" alt=\"\" loading=\"lazy\" srcset=\"http:\/\/dsoudoplatoff.fr\/wp-content\/uploads\/2020\/10\/L1000098-768x566.jpg 768w, http:\/\/dsoudoplatoff.fr\/wp-content\/uploads\/2020\/10\/L1000098-scaled-416x306.jpg 416w, http:\/\/dsoudoplatoff.fr\/wp-content\/uploads\/2020\/10\/L1000098-300x221.jpg 300w, http:\/\/dsoudoplatoff.fr\/wp-content\/uploads\/2020\/10\/L1000098-1024x754.jpg 1024w, http:\/\/dsoudoplatoff.fr\/wp-content\/uploads\/2020\/10\/L1000098-1536x1132.jpg 1536w, http:\/\/dsoudoplatoff.fr\/wp-content\/uploads\/2020\/10\/L1000098-2048x1509.jpg 2048w\" sizes=\"(max-width: 768px) 100vw, 768px\" \/><\/a>\n\t\t\t<\/div><\/figure><figure class='gallery-item'>\n\t\t\t<div class='gallery-icon landscape'>\n\t\t\t\t<a data-elementor-open-lightbox=\"yes\" data-elementor-lightbox-slideshow=\"0b6b5b8\" data-elementor-lightbox-title=\"Passagers\" data-elementor-lightbox-description=\"48x28 cm\" e-action-hash=\"#elementor-action%3Aaction%3Dlightbox%26settings%3DeyJpZCI6MTkzLCJ1cmwiOiJodHRwOlwvXC9kc291ZG9wbGF0b2ZmLmZyXC93cC1jb250ZW50XC91cGxvYWRzXC8yMDIwXC8xMFwvTDEwMDAxMDctc2NhbGVkLmpwZyIsInNsaWRlc2hvdyI6IjBiNmI1YjgifQ%3D%3D\" href='http:\/\/dsoudoplatoff.fr\/wp-content\/uploads\/2020\/10\/L1000107-scaled.jpg'><img width=\"768\" height=\"513\" src=\"http:\/\/dsoudoplatoff.fr\/wp-content\/uploads\/2020\/10\/L1000107-768x513.jpg\" class=\"attachment-medium_large size-medium_large\" alt=\"\" loading=\"lazy\" srcset=\"http:\/\/dsoudoplatoff.fr\/wp-content\/uploads\/2020\/10\/L1000107-768x513.jpg 768w, http:\/\/dsoudoplatoff.fr\/wp-content\/uploads\/2020\/10\/L1000107-scaled-416x278.jpg 416w, http:\/\/dsoudoplatoff.fr\/wp-content\/uploads\/2020\/10\/L1000107-300x200.jpg 300w, http:\/\/dsoudoplatoff.fr\/wp-content\/uploads\/2020\/10\/L1000107-1024x683.jpg 1024w, http:\/\/dsoudoplatoff.fr\/wp-content\/uploads\/2020\/10\/L1000107-1536x1025.jpg 1536w, http:\/\/dsoudoplatoff.fr\/wp-content\/uploads\/2020\/10\/L1000107-2048x1367.jpg 2048w\" sizes=\"(max-width: 768px) 100vw, 768px\" \/><\/a>\n\t\t\t<\/div><\/figure><figure class='gallery-item'>\n\t\t\t<div class='gallery-icon landscape'>\n\t\t\t\t<a data-elementor-open-lightbox=\"yes\" data-elementor-lightbox-slideshow=\"0b6b5b8\" data-elementor-lightbox-title=\"Passagers\" data-elementor-lightbox-description=\"48x28 cm\" e-action-hash=\"#elementor-action%3Aaction%3Dlightbox%26settings%3DeyJpZCI6MjYyLCJ1cmwiOiJodHRwOlwvXC9kc291ZG9wbGF0b2ZmLmZyXC93cC1jb250ZW50XC91cGxvYWRzXC8yMDIwXC8xMFwvTDEwMDAwODItc2NhbGVkLmpwZyIsInNsaWRlc2hvdyI6IjBiNmI1YjgifQ%3D%3D\" href='http:\/\/dsoudoplatoff.fr\/wp-content\/uploads\/2020\/10\/L1000082-scaled.jpg'><img width=\"768\" height=\"504\" src=\"http:\/\/dsoudoplatoff.fr\/wp-content\/uploads\/2020\/10\/L1000082-768x504.jpg\" class=\"attachment-medium_large size-medium_large\" alt=\"\" loading=\"lazy\" srcset=\"http:\/\/dsoudoplatoff.fr\/wp-content\/uploads\/2020\/10\/L1000082-768x504.jpg 768w, http:\/\/dsoudoplatoff.fr\/wp-content\/uploads\/2020\/10\/L1000082-scaled-416x273.jpg 416w, http:\/\/dsoudoplatoff.fr\/wp-content\/uploads\/2020\/10\/L1000082-300x197.jpg 300w, http:\/\/dsoudoplatoff.fr\/wp-content\/uploads\/2020\/10\/L1000082-1024x672.jpg 1024w, http:\/\/dsoudoplatoff.fr\/wp-content\/uploads\/2020\/10\/L1000082-1536x1008.jpg 1536w, http:\/\/dsoudoplatoff.fr\/wp-content\/uploads\/2020\/10\/L1000082-2048x1343.jpg 2048w\" sizes=\"(max-width: 768px) 100vw, 768px\" \/><\/a>\n\t\t\t<\/div><\/figure>\n\t\t<\/div>\n\t\t<\/div>\n\t\t\t\t<\/div>\n\t\t\t\t<\/div>\n\t\t\t\t\t\t<\/div>\n\t\t\t\t\t<\/div>\n\t\t<\/div>\n\t\t\t\t\t\t\t\t<\/div>\n\t\t\t\t\t<\/div>\n\t\t<\/section>\n\t\t\t\t\t\t\t\t\t<\/div>\n\t\t\t<\/div>\n\t\t\t\t\t<\/div>\n\t\t","protected":false},"excerpt":{"rendered":"<p>PASSAGERS Marbre et terre De la pierre incis\u00e9e par l&#8217;outil, jaillit l&#8217;\u00e9clat de marbre cristallin. Alors, des silhouettes naissent, fragiles et diaphanes. Incrust\u00e9es dans la terre, elles se meuvent en silence dans un espace intemporel. Pr\u00e9sences translucides, elles se croisent sur les sillons profonds, empruntent une \u00e9troite ligne de cr\u00eate ou se rassemblent, le temps [&hellip;]<\/p>\n","protected":false},"author":1,"featured_media":0,"parent":0,"menu_order":0,"comment_status":"closed","ping_status":"closed","template":"","meta":[],"_links":{"self":[{"href":"http:\/\/dsoudoplatoff.fr\/index.php\/wp-json\/wp\/v2\/pages\/233"}],"collection":[{"href":"http:\/\/dsoudoplatoff.fr\/index.php\/wp-json\/wp\/v2\/pages"}],"about":[{"href":"http:\/\/dsoudoplatoff.fr\/index.php\/wp-json\/wp\/v2\/types\/page"}],"author":[{"embeddable":true,"href":"http:\/\/dsoudoplatoff.fr\/index.php\/wp-json\/wp\/v2\/users\/1"}],"replies":[{"embeddable":true,"href":"http:\/\/dsoudoplatoff.fr\/index.php\/wp-json\/wp\/v2\/comments?post=233"}],"version-history":[{"count":29,"href":"http:\/\/dsoudoplatoff.fr\/index.php\/wp-json\/wp\/v2\/pages\/233\/revisions"}],"predecessor-version":[{"id":1096,"href":"http:\/\/dsoudoplatoff.fr\/index.php\/wp-json\/wp\/v2\/pages\/233\/revisions\/1096"}],"wp:attachment":[{"href":"http:\/\/dsoudoplatoff.fr\/index.php\/wp-json\/wp\/v2\/media?parent=233"}],"curies":[{"name":"wp","href":"https:\/\/api.w.org\/{rel}","templated":true}]}}