{"id":292,"date":"2020-10-26T16:36:49","date_gmt":"2020-10-26T15:36:49","guid":{"rendered":"http:\/\/dsoudoplatoff.fr\/?page_id=292"},"modified":"2020-11-21T17:28:37","modified_gmt":"2020-11-21T16:28:37","slug":"eclosions","status":"publish","type":"page","link":"http:\/\/dsoudoplatoff.fr\/index.php\/eclosions\/","title":{"rendered":"ECLOSIONS"},"content":{"rendered":"\t\t<div data-elementor-type=\"wp-page\" data-elementor-id=\"292\" class=\"elementor elementor-292\">\n\t\t\t\t\t\t<div class=\"elementor-inner\">\n\t\t\t\t<div class=\"elementor-section-wrap\">\n\t\t\t\t\t\t\t\t\t<section class=\"elementor-section elementor-top-section elementor-element elementor-element-33f5b90 elementor-section-boxed elementor-section-height-default elementor-section-height-default\" data-id=\"33f5b90\" data-element_type=\"section\">\n\t\t\t\t\t\t<div class=\"elementor-container elementor-column-gap-default\">\n\t\t\t\t\t\t\t<div class=\"elementor-row\">\n\t\t\t\t\t<div class=\"elementor-column elementor-col-100 elementor-top-column elementor-element elementor-element-ce471da\" data-id=\"ce471da\" data-element_type=\"column\">\n\t\t\t<div class=\"elementor-column-wrap elementor-element-populated\">\n\t\t\t\t\t\t\t<div class=\"elementor-widget-wrap\">\n\t\t\t\t\t\t<div class=\"elementor-element elementor-element-e905802 elementor-widget elementor-widget-spacer\" data-id=\"e905802\" data-element_type=\"widget\" data-widget_type=\"spacer.default\">\n\t\t\t\t<div class=\"elementor-widget-container\">\n\t\t\t\t\t<div class=\"elementor-spacer\">\n\t\t\t<div class=\"elementor-spacer-inner\"><\/div>\n\t\t<\/div>\n\t\t\t\t<\/div>\n\t\t\t\t<\/div>\n\t\t\t\t\t\t<\/div>\n\t\t\t\t\t<\/div>\n\t\t<\/div>\n\t\t\t\t\t\t\t\t<\/div>\n\t\t\t\t\t<\/div>\n\t\t<\/section>\n\t\t\t\t<section class=\"elementor-section elementor-top-section elementor-element elementor-element-3f58882 elementor-section-boxed elementor-section-height-default elementor-section-height-default\" data-id=\"3f58882\" data-element_type=\"section\">\n\t\t\t\t\t\t<div class=\"elementor-container elementor-column-gap-default\">\n\t\t\t\t\t\t\t<div class=\"elementor-row\">\n\t\t\t\t\t<div class=\"elementor-column elementor-col-100 elementor-top-column elementor-element elementor-element-f07277b\" data-id=\"f07277b\" data-element_type=\"column\">\n\t\t\t<div class=\"elementor-column-wrap elementor-element-populated\">\n\t\t\t\t\t\t\t<div class=\"elementor-widget-wrap\">\n\t\t\t\t\t\t<div class=\"elementor-element elementor-element-24c99fd elementor-widget elementor-widget-heading\" data-id=\"24c99fd\" data-element_type=\"widget\" data-widget_type=\"heading.default\">\n\t\t\t\t<div class=\"elementor-widget-container\">\n\t\t\t<h2 class=\"elementor-heading-title elementor-size-default\">ECLOSIONS<\/h2>\t\t<\/div>\n\t\t\t\t<\/div>\n\t\t\t\t\t\t<\/div>\n\t\t\t\t\t<\/div>\n\t\t<\/div>\n\t\t\t\t\t\t\t\t<\/div>\n\t\t\t\t\t<\/div>\n\t\t<\/section>\n\t\t\t\t<section class=\"elementor-section elementor-top-section elementor-element elementor-element-2c85b07 elementor-section-boxed elementor-section-height-default elementor-section-height-default\" data-id=\"2c85b07\" data-element_type=\"section\">\n\t\t\t\t\t\t<div class=\"elementor-container elementor-column-gap-default\">\n\t\t\t\t\t\t\t<div class=\"elementor-row\">\n\t\t\t\t\t<div class=\"elementor-column elementor-col-100 elementor-top-column elementor-element elementor-element-1cbf997\" data-id=\"1cbf997\" data-element_type=\"column\">\n\t\t\t<div class=\"elementor-column-wrap elementor-element-populated\">\n\t\t\t\t\t\t\t<div class=\"elementor-widget-wrap\">\n\t\t\t\t\t\t<div class=\"elementor-element elementor-element-8b2b23d elementor-widget elementor-widget-text-editor\" data-id=\"8b2b23d\" data-element_type=\"widget\" data-widget_type=\"text-editor.default\">\n\t\t\t\t<div class=\"elementor-widget-container\">\n\t\t\t\t\t\t\t\t<div class=\"elementor-text-editor elementor-clearfix\">\n\t\t\t\t<p>En cours d&#8217;\u00e9closion, un projet tiss\u00e9 \u00e0 quatre mains avec Anne-Sophie Soudoplatoff, photographe<\/p><p>Terre cuite<\/p>\t\t\t\t\t<\/div>\n\t\t\t\t\t\t<\/div>\n\t\t\t\t<\/div>\n\t\t\t\t<div class=\"elementor-element elementor-element-3859c21 elementor-widget elementor-widget-image-gallery\" data-id=\"3859c21\" data-element_type=\"widget\" data-widget_type=\"image-gallery.default\">\n\t\t\t\t<div class=\"elementor-widget-container\">\n\t\t\t\t\t<div class=\"elementor-image-gallery\">\n\t\t\t<div id='gallery-1' class='gallery galleryid-292 gallery-columns-3 gallery-size-full'><figure class='gallery-item'>\n\t\t\t<div class='gallery-icon portrait'>\n\t\t\t\t<a data-elementor-open-lightbox=\"yes\" data-elementor-lightbox-slideshow=\"3859c21\" data-elementor-lightbox-title=\"Eclosions\" e-action-hash=\"#elementor-action%3Aaction%3Dlightbox%26settings%3DeyJpZCI6MTEyNywidXJsIjoiaHR0cDpcL1wvZHNvdWRvcGxhdG9mZi5mclwvd3AtY29udGVudFwvdXBsb2Fkc1wvMjAyMFwvMTFcL01HXzQ5NTEuanBnIiwic2xpZGVzaG93IjoiMzg1OWMyMSJ9\" href='http:\/\/dsoudoplatoff.fr\/wp-content\/uploads\/2020\/11\/MG_4951.jpg'><img width=\"1125\" height=\"1500\" src=\"http:\/\/dsoudoplatoff.fr\/wp-content\/uploads\/2020\/11\/MG_4951.jpg\" class=\"attachment-full size-full\" alt=\"\" loading=\"lazy\" srcset=\"http:\/\/dsoudoplatoff.fr\/wp-content\/uploads\/2020\/11\/MG_4951.jpg 1125w, http:\/\/dsoudoplatoff.fr\/wp-content\/uploads\/2020\/11\/MG_4951-416x555.jpg 416w, http:\/\/dsoudoplatoff.fr\/wp-content\/uploads\/2020\/11\/MG_4951-225x300.jpg 225w, http:\/\/dsoudoplatoff.fr\/wp-content\/uploads\/2020\/11\/MG_4951-768x1024.jpg 768w\" sizes=\"(max-width: 1125px) 100vw, 1125px\" \/><\/a>\n\t\t\t<\/div><\/figure><figure class='gallery-item'>\n\t\t\t<div class='gallery-icon portrait'>\n\t\t\t\t<a data-elementor-open-lightbox=\"yes\" data-elementor-lightbox-slideshow=\"3859c21\" data-elementor-lightbox-title=\"Eclosions\" e-action-hash=\"#elementor-action%3Aaction%3Dlightbox%26settings%3DeyJpZCI6MTEyOCwidXJsIjoiaHR0cDpcL1wvZHNvdWRvcGxhdG9mZi5mclwvd3AtY29udGVudFwvdXBsb2Fkc1wvMjAyMFwvMTFcL01HXzAzMjEuanBnIiwic2xpZGVzaG93IjoiMzg1OWMyMSJ9\" href='http:\/\/dsoudoplatoff.fr\/wp-content\/uploads\/2020\/11\/MG_0321.jpg'><img width=\"1125\" height=\"1500\" src=\"http:\/\/dsoudoplatoff.fr\/wp-content\/uploads\/2020\/11\/MG_0321.jpg\" class=\"attachment-full size-full\" alt=\"\" loading=\"lazy\" srcset=\"http:\/\/dsoudoplatoff.fr\/wp-content\/uploads\/2020\/11\/MG_0321.jpg 1125w, http:\/\/dsoudoplatoff.fr\/wp-content\/uploads\/2020\/11\/MG_0321-416x555.jpg 416w, http:\/\/dsoudoplatoff.fr\/wp-content\/uploads\/2020\/11\/MG_0321-225x300.jpg 225w, http:\/\/dsoudoplatoff.fr\/wp-content\/uploads\/2020\/11\/MG_0321-768x1024.jpg 768w\" sizes=\"(max-width: 1125px) 100vw, 1125px\" \/><\/a>\n\t\t\t<\/div><\/figure><figure class='gallery-item'>\n\t\t\t<div class='gallery-icon portrait'>\n\t\t\t\t<a data-elementor-open-lightbox=\"yes\" data-elementor-lightbox-slideshow=\"3859c21\" data-elementor-lightbox-title=\"_MG_4962_\" e-action-hash=\"#elementor-action%3Aaction%3Dlightbox%26settings%3DeyJpZCI6MTEyOSwidXJsIjoiaHR0cDpcL1wvZHNvdWRvcGxhdG9mZi5mclwvd3AtY29udGVudFwvdXBsb2Fkc1wvMjAyMFwvMTFcL01HXzQ5NjJfLmpwZyIsInNsaWRlc2hvdyI6IjM4NTljMjEifQ%3D%3D\" href='http:\/\/dsoudoplatoff.fr\/wp-content\/uploads\/2020\/11\/MG_4962_.jpg'><img width=\"1125\" height=\"1500\" src=\"http:\/\/dsoudoplatoff.fr\/wp-content\/uploads\/2020\/11\/MG_4962_.jpg\" class=\"attachment-full size-full\" alt=\"\" loading=\"lazy\" srcset=\"http:\/\/dsoudoplatoff.fr\/wp-content\/uploads\/2020\/11\/MG_4962_.jpg 1125w, http:\/\/dsoudoplatoff.fr\/wp-content\/uploads\/2020\/11\/MG_4962_-416x555.jpg 416w, http:\/\/dsoudoplatoff.fr\/wp-content\/uploads\/2020\/11\/MG_4962_-225x300.jpg 225w, http:\/\/dsoudoplatoff.fr\/wp-content\/uploads\/2020\/11\/MG_4962_-768x1024.jpg 768w\" sizes=\"(max-width: 1125px) 100vw, 1125px\" \/><\/a>\n\t\t\t<\/div><\/figure>\n\t\t<\/div>\n\t\t<\/div>\n\t\t\t\t<\/div>\n\t\t\t\t<\/div>\n\t\t\t\t\t\t<\/div>\n\t\t\t\t\t<\/div>\n\t\t<\/div>\n\t\t\t\t\t\t\t\t<\/div>\n\t\t\t\t\t<\/div>\n\t\t<\/section>\n\t\t\t\t<section class=\"elementor-section elementor-top-section elementor-element elementor-element-d13c480 elementor-section-boxed elementor-section-height-default elementor-section-height-default\" data-id=\"d13c480\" data-element_type=\"section\">\n\t\t\t\t\t\t<div class=\"elementor-container elementor-column-gap-default\">\n\t\t\t\t\t\t\t<div class=\"elementor-row\">\n\t\t\t\t\t<div class=\"elementor-column elementor-col-100 elementor-top-column elementor-element elementor-element-fe2747e\" data-id=\"fe2747e\" data-element_type=\"column\">\n\t\t\t<div class=\"elementor-column-wrap elementor-element-populated\">\n\t\t\t\t\t\t\t<div class=\"elementor-widget-wrap\">\n\t\t\t\t\t\t<div class=\"elementor-element elementor-element-39206e2 elementor-widget elementor-widget-image-gallery\" data-id=\"39206e2\" data-element_type=\"widget\" data-widget_type=\"image-gallery.default\">\n\t\t\t\t<div class=\"elementor-widget-container\">\n\t\t\t\t\t<div class=\"elementor-image-gallery\">\n\t\t\t<div id='gallery-2' class='gallery galleryid-292 gallery-columns-1 gallery-size-full'><figure class='gallery-item'>\n\t\t\t<div class='gallery-icon landscape'>\n\t\t\t\t<a data-elementor-open-lightbox=\"yes\" data-elementor-lightbox-slideshow=\"39206e2\" data-elementor-lightbox-title=\"Eclosions\" e-action-hash=\"#elementor-action%3Aaction%3Dlightbox%26settings%3DeyJpZCI6MTEzMCwidXJsIjoiaHR0cDpcL1wvZHNvdWRvcGxhdG9mZi5mclwvd3AtY29udGVudFwvdXBsb2Fkc1wvMjAyMFwvMTFcL01HXzM0MzAuanBnIiwic2xpZGVzaG93IjoiMzkyMDZlMiJ9\" href='http:\/\/dsoudoplatoff.fr\/wp-content\/uploads\/2020\/11\/MG_3430.jpg'><img width=\"1500\" height=\"1125\" src=\"http:\/\/dsoudoplatoff.fr\/wp-content\/uploads\/2020\/11\/MG_3430.jpg\" class=\"attachment-full size-full\" alt=\"\" loading=\"lazy\" srcset=\"http:\/\/dsoudoplatoff.fr\/wp-content\/uploads\/2020\/11\/MG_3430.jpg 1500w, http:\/\/dsoudoplatoff.fr\/wp-content\/uploads\/2020\/11\/MG_3430-416x312.jpg 416w, http:\/\/dsoudoplatoff.fr\/wp-content\/uploads\/2020\/11\/MG_3430-300x225.jpg 300w, http:\/\/dsoudoplatoff.fr\/wp-content\/uploads\/2020\/11\/MG_3430-1024x768.jpg 1024w, http:\/\/dsoudoplatoff.fr\/wp-content\/uploads\/2020\/11\/MG_3430-768x576.jpg 768w\" sizes=\"(max-width: 1500px) 100vw, 1500px\" \/><\/a>\n\t\t\t<\/div><\/figure>\n\t\t<\/div>\n\t\t<\/div>\n\t\t\t\t<\/div>\n\t\t\t\t<\/div>\n\t\t\t\t\t\t<\/div>\n\t\t\t\t\t<\/div>\n\t\t<\/div>\n\t\t\t\t\t\t\t\t<\/div>\n\t\t\t\t\t<\/div>\n\t\t<\/section>\n\t\t\t\t<section class=\"elementor-section elementor-top-section elementor-element elementor-element-e0b0b2a elementor-section-boxed elementor-section-height-default elementor-section-height-default\" data-id=\"e0b0b2a\" data-element_type=\"section\">\n\t\t\t\t\t\t<div class=\"elementor-container elementor-column-gap-default\">\n\t\t\t\t\t\t\t<div class=\"elementor-row\">\n\t\t\t\t\t<div class=\"elementor-column elementor-col-100 elementor-top-column elementor-element elementor-element-aee57b5\" data-id=\"aee57b5\" data-element_type=\"column\">\n\t\t\t<div class=\"elementor-column-wrap elementor-element-populated\">\n\t\t\t\t\t\t\t<div class=\"elementor-widget-wrap\">\n\t\t\t\t\t\t<div class=\"elementor-element elementor-element-7767040 elementor-widget elementor-widget-spacer\" data-id=\"7767040\" data-element_type=\"widget\" data-widget_type=\"spacer.default\">\n\t\t\t\t<div class=\"elementor-widget-container\">\n\t\t\t\t\t<div class=\"elementor-spacer\">\n\t\t\t<div class=\"elementor-spacer-inner\"><\/div>\n\t\t<\/div>\n\t\t\t\t<\/div>\n\t\t\t\t<\/div>\n\t\t\t\t<div class=\"elementor-element elementor-element-76fafc7 elementor-widget elementor-widget-image-gallery\" data-id=\"76fafc7\" data-element_type=\"widget\" data-widget_type=\"image-gallery.default\">\n\t\t\t\t<div class=\"elementor-widget-container\">\n\t\t\t\t\t<div class=\"elementor-image-gallery\">\n\t\t\t<div id='gallery-3' class='gallery galleryid-292 gallery-columns-2 gallery-size-full'><figure class='gallery-item'>\n\t\t\t<div class='gallery-icon portrait'>\n\t\t\t\t<a data-elementor-open-lightbox=\"yes\" data-elementor-lightbox-slideshow=\"76fafc7\" data-elementor-lightbox-title=\"Eclosions\" e-action-hash=\"#elementor-action%3Aaction%3Dlightbox%26settings%3DeyJpZCI6MTEzMSwidXJsIjoiaHR0cDpcL1wvZHNvdWRvcGxhdG9mZi5mclwvd3AtY29udGVudFwvdXBsb2Fkc1wvMjAyMFwvMTFcL01HXzQ5NjIuanBnIiwic2xpZGVzaG93IjoiNzZmYWZjNyJ9\" href='http:\/\/dsoudoplatoff.fr\/wp-content\/uploads\/2020\/11\/MG_4962.jpg'><img width=\"1125\" height=\"1500\" src=\"http:\/\/dsoudoplatoff.fr\/wp-content\/uploads\/2020\/11\/MG_4962.jpg\" class=\"attachment-full size-full\" alt=\"\" loading=\"lazy\" srcset=\"http:\/\/dsoudoplatoff.fr\/wp-content\/uploads\/2020\/11\/MG_4962.jpg 1125w, http:\/\/dsoudoplatoff.fr\/wp-content\/uploads\/2020\/11\/MG_4962-416x555.jpg 416w, http:\/\/dsoudoplatoff.fr\/wp-content\/uploads\/2020\/11\/MG_4962-225x300.jpg 225w, http:\/\/dsoudoplatoff.fr\/wp-content\/uploads\/2020\/11\/MG_4962-768x1024.jpg 768w\" sizes=\"(max-width: 1125px) 100vw, 1125px\" \/><\/a>\n\t\t\t<\/div><\/figure><figure class='gallery-item'>\n\t\t\t<div class='gallery-icon portrait'>\n\t\t\t\t<a data-elementor-open-lightbox=\"yes\" data-elementor-lightbox-slideshow=\"76fafc7\" data-elementor-lightbox-title=\"Eclosions\" e-action-hash=\"#elementor-action%3Aaction%3Dlightbox%26settings%3DeyJpZCI6MTEzMiwidXJsIjoiaHR0cDpcL1wvZHNvdWRvcGxhdG9mZi5mclwvd3AtY29udGVudFwvdXBsb2Fkc1wvMjAyMFwvMTFcL01HXzA2MjAuanBnIiwic2xpZGVzaG93IjoiNzZmYWZjNyJ9\" href='http:\/\/dsoudoplatoff.fr\/wp-content\/uploads\/2020\/11\/MG_0620.jpg'><img width=\"1125\" height=\"1500\" src=\"http:\/\/dsoudoplatoff.fr\/wp-content\/uploads\/2020\/11\/MG_0620.jpg\" class=\"attachment-full size-full\" alt=\"\" loading=\"lazy\" srcset=\"http:\/\/dsoudoplatoff.fr\/wp-content\/uploads\/2020\/11\/MG_0620.jpg 1125w, http:\/\/dsoudoplatoff.fr\/wp-content\/uploads\/2020\/11\/MG_0620-416x555.jpg 416w, http:\/\/dsoudoplatoff.fr\/wp-content\/uploads\/2020\/11\/MG_0620-225x300.jpg 225w, http:\/\/dsoudoplatoff.fr\/wp-content\/uploads\/2020\/11\/MG_0620-768x1024.jpg 768w\" sizes=\"(max-width: 1125px) 100vw, 1125px\" \/><\/a>\n\t\t\t<\/div><\/figure><figure class='gallery-item'>\n\t\t\t<div class='gallery-icon portrait'>\n\t\t\t\t<a data-elementor-open-lightbox=\"yes\" data-elementor-lightbox-slideshow=\"76fafc7\" data-elementor-lightbox-title=\"Eclosions\" e-action-hash=\"#elementor-action%3Aaction%3Dlightbox%26settings%3DeyJpZCI6MTEzMywidXJsIjoiaHR0cDpcL1wvZHNvdWRvcGxhdG9mZi5mclwvd3AtY29udGVudFwvdXBsb2Fkc1wvMjAyMFwvMTFcL01HXzc4ODMtMS1zY2FsZWQuanBnIiwic2xpZGVzaG93IjoiNzZmYWZjNyJ9\" href='http:\/\/dsoudoplatoff.fr\/wp-content\/uploads\/2020\/11\/MG_7883-1-scaled.jpg'><img width=\"1920\" height=\"2560\" src=\"http:\/\/dsoudoplatoff.fr\/wp-content\/uploads\/2020\/11\/MG_7883-1-scaled.jpg\" class=\"attachment-full size-full\" alt=\"\" loading=\"lazy\" srcset=\"http:\/\/dsoudoplatoff.fr\/wp-content\/uploads\/2020\/11\/MG_7883-1-scaled.jpg 1920w, http:\/\/dsoudoplatoff.fr\/wp-content\/uploads\/2020\/11\/MG_7883-1-scaled-416x555.jpg 416w, http:\/\/dsoudoplatoff.fr\/wp-content\/uploads\/2020\/11\/MG_7883-1-225x300.jpg 225w, http:\/\/dsoudoplatoff.fr\/wp-content\/uploads\/2020\/11\/MG_7883-1-768x1024.jpg 768w, http:\/\/dsoudoplatoff.fr\/wp-content\/uploads\/2020\/11\/MG_7883-1-1152x1536.jpg 1152w, http:\/\/dsoudoplatoff.fr\/wp-content\/uploads\/2020\/11\/MG_7883-1-1536x2048.jpg 1536w\" sizes=\"(max-width: 1920px) 100vw, 1920px\" \/><\/a>\n\t\t\t<\/div><\/figure><figure class='gallery-item'>\n\t\t\t<div class='gallery-icon portrait'>\n\t\t\t\t<a data-elementor-open-lightbox=\"yes\" data-elementor-lightbox-slideshow=\"76fafc7\" data-elementor-lightbox-title=\"Eclosions\" e-action-hash=\"#elementor-action%3Aaction%3Dlightbox%26settings%3DeyJpZCI6MTEzNCwidXJsIjoiaHR0cDpcL1wvZHNvdWRvcGxhdG9mZi5mclwvd3AtY29udGVudFwvdXBsb2Fkc1wvMjAyMFwvMTFcL01HXzUwMDUuanBnIiwic2xpZGVzaG93IjoiNzZmYWZjNyJ9\" href='http:\/\/dsoudoplatoff.fr\/wp-content\/uploads\/2020\/11\/MG_5005.jpg'><img width=\"1125\" height=\"1500\" src=\"http:\/\/dsoudoplatoff.fr\/wp-content\/uploads\/2020\/11\/MG_5005.jpg\" class=\"attachment-full size-full\" alt=\"\" loading=\"lazy\" srcset=\"http:\/\/dsoudoplatoff.fr\/wp-content\/uploads\/2020\/11\/MG_5005.jpg 1125w, http:\/\/dsoudoplatoff.fr\/wp-content\/uploads\/2020\/11\/MG_5005-416x555.jpg 416w, http:\/\/dsoudoplatoff.fr\/wp-content\/uploads\/2020\/11\/MG_5005-225x300.jpg 225w, http:\/\/dsoudoplatoff.fr\/wp-content\/uploads\/2020\/11\/MG_5005-768x1024.jpg 768w\" sizes=\"(max-width: 1125px) 100vw, 1125px\" \/><\/a>\n\t\t\t<\/div><\/figure>\n\t\t<\/div>\n\t\t<\/div>\n\t\t\t\t<\/div>\n\t\t\t\t<\/div>\n\t\t\t\t\t\t<\/div>\n\t\t\t\t\t<\/div>\n\t\t<\/div>\n\t\t\t\t\t\t\t\t<\/div>\n\t\t\t\t\t<\/div>\n\t\t<\/section>\n\t\t\t\t\t\t\t\t\t<\/div>\n\t\t\t<\/div>\n\t\t\t\t\t<\/div>\n\t\t","protected":false},"excerpt":{"rendered":"<p>ECLOSIONS En cours d&#8217;\u00e9closion, un projet tiss\u00e9 \u00e0 quatre mains avec Anne-Sophie Soudoplatoff, photographe Terre cuite<\/p>\n","protected":false},"author":1,"featured_media":0,"parent":0,"menu_order":0,"comment_status":"closed","ping_status":"closed","template":"","meta":[],"_links":{"self":[{"href":"http:\/\/dsoudoplatoff.fr\/index.php\/wp-json\/wp\/v2\/pages\/292"}],"collection":[{"href":"http:\/\/dsoudoplatoff.fr\/index.php\/wp-json\/wp\/v2\/pages"}],"about":[{"href":"http:\/\/dsoudoplatoff.fr\/index.php\/wp-json\/wp\/v2\/types\/page"}],"author":[{"embeddable":true,"href":"http:\/\/dsoudoplatoff.fr\/index.php\/wp-json\/wp\/v2\/users\/1"}],"replies":[{"embeddable":true,"href":"http:\/\/dsoudoplatoff.fr\/index.php\/wp-json\/wp\/v2\/comments?post=292"}],"version-history":[{"count":79,"href":"http:\/\/dsoudoplatoff.fr\/index.php\/wp-json\/wp\/v2\/pages\/292\/revisions"}],"predecessor-version":[{"id":1138,"href":"http:\/\/dsoudoplatoff.fr\/index.php\/wp-json\/wp\/v2\/pages\/292\/revisions\/1138"}],"wp:attachment":[{"href":"http:\/\/dsoudoplatoff.fr\/index.php\/wp-json\/wp\/v2\/media?parent=292"}],"curies":[{"name":"wp","href":"https:\/\/api.w.org\/{rel}","templated":true}]}}