{"id":304,"date":"2020-10-12T19:57:39","date_gmt":"2020-10-12T17:57:39","guid":{"rendered":"http:\/\/dsoudoplatoff.fr\/?page_id=304"},"modified":"2020-11-21T16:32:44","modified_gmt":"2020-11-21T15:32:44","slug":"a-propos-contact","status":"publish","type":"page","link":"http:\/\/dsoudoplatoff.fr\/index.php\/a-propos-contact\/","title":{"rendered":"A PROPOS \/ CONTACT"},"content":{"rendered":"\t\t<div data-elementor-type=\"wp-page\" data-elementor-id=\"304\" class=\"elementor elementor-304\">\n\t\t\t\t\t\t<div class=\"elementor-inner\">\n\t\t\t\t<div class=\"elementor-section-wrap\">\n\t\t\t\t\t\t\t\t\t<section class=\"elementor-section elementor-top-section elementor-element elementor-element-00a8db7 elementor-section-boxed elementor-section-height-default elementor-section-height-default\" data-id=\"00a8db7\" data-element_type=\"section\">\n\t\t\t\t\t\t<div class=\"elementor-container elementor-column-gap-extended\">\n\t\t\t\t\t\t\t<div class=\"elementor-row\">\n\t\t\t\t\t<div class=\"elementor-column elementor-col-50 elementor-top-column elementor-element elementor-element-0390867\" data-id=\"0390867\" data-element_type=\"column\">\n\t\t\t<div class=\"elementor-column-wrap elementor-element-populated\">\n\t\t\t\t\t\t\t<div class=\"elementor-widget-wrap\">\n\t\t\t\t\t\t<div class=\"elementor-element elementor-element-ba89c8b elementor-widget elementor-widget-spacer\" data-id=\"ba89c8b\" data-element_type=\"widget\" data-widget_type=\"spacer.default\">\n\t\t\t\t<div class=\"elementor-widget-container\">\n\t\t\t\t\t<div class=\"elementor-spacer\">\n\t\t\t<div class=\"elementor-spacer-inner\"><\/div>\n\t\t<\/div>\n\t\t\t\t<\/div>\n\t\t\t\t<\/div>\n\t\t\t\t<div class=\"elementor-element elementor-element-e3e2558 elementor-widget elementor-widget-image\" data-id=\"e3e2558\" data-element_type=\"widget\" data-widget_type=\"image.default\">\n\t\t\t\t<div class=\"elementor-widget-container\">\n\t\t\t\t\t\t\t\t<div class=\"elementor-image\">\n\t\t\t\t\t\t\t\t\t\t\t\t<img width=\"768\" height=\"988\" src=\"http:\/\/dsoudoplatoff.fr\/wp-content\/uploads\/2020\/11\/Dominique-SoudoplatoffHD-768x988.jpg\" class=\"attachment-medium_large size-medium_large\" alt=\"\" loading=\"lazy\" srcset=\"http:\/\/dsoudoplatoff.fr\/wp-content\/uploads\/2020\/11\/Dominique-SoudoplatoffHD-768x988.jpg 768w, http:\/\/dsoudoplatoff.fr\/wp-content\/uploads\/2020\/11\/Dominique-SoudoplatoffHD-416x535.jpg 416w, http:\/\/dsoudoplatoff.fr\/wp-content\/uploads\/2020\/11\/Dominique-SoudoplatoffHD-233x300.jpg 233w, http:\/\/dsoudoplatoff.fr\/wp-content\/uploads\/2020\/11\/Dominique-SoudoplatoffHD-796x1024.jpg 796w, http:\/\/dsoudoplatoff.fr\/wp-content\/uploads\/2020\/11\/Dominique-SoudoplatoffHD-1194x1536.jpg 1194w, http:\/\/dsoudoplatoff.fr\/wp-content\/uploads\/2020\/11\/Dominique-SoudoplatoffHD-1592x2048.jpg 1592w, http:\/\/dsoudoplatoff.fr\/wp-content\/uploads\/2020\/11\/Dominique-SoudoplatoffHD.jpg 1786w\" sizes=\"(max-width: 768px) 100vw, 768px\" \/>\t\t\t\t\t\t\t\t\t\t\t\t\t\t<\/div>\n\t\t\t\t\t\t<\/div>\n\t\t\t\t<\/div>\n\t\t\t\t\t\t<\/div>\n\t\t\t\t\t<\/div>\n\t\t<\/div>\n\t\t\t\t<div class=\"elementor-column elementor-col-50 elementor-top-column elementor-element elementor-element-20f0ae4\" data-id=\"20f0ae4\" data-element_type=\"column\">\n\t\t\t<div class=\"elementor-column-wrap elementor-element-populated\">\n\t\t\t\t\t\t\t<div class=\"elementor-widget-wrap\">\n\t\t\t\t\t\t<div class=\"elementor-element elementor-element-f6a49bf elementor-widget elementor-widget-spacer\" data-id=\"f6a49bf\" data-element_type=\"widget\" data-widget_type=\"spacer.default\">\n\t\t\t\t<div class=\"elementor-widget-container\">\n\t\t\t\t\t<div class=\"elementor-spacer\">\n\t\t\t<div class=\"elementor-spacer-inner\"><\/div>\n\t\t<\/div>\n\t\t\t\t<\/div>\n\t\t\t\t<\/div>\n\t\t\t\t<div class=\"elementor-element elementor-element-e55331c elementor-widget elementor-widget-text-editor\" data-id=\"e55331c\" data-element_type=\"widget\" data-widget_type=\"text-editor.default\">\n\t\t\t\t<div class=\"elementor-widget-container\">\n\t\t\t\t\t\t\t\t<div class=\"elementor-text-editor elementor-clearfix\">\n\t\t\t\t<p>Vit et travaille \u00e0 S\u00e8vres. Apr\u00e8s des \u00e9tudes de lettres modernes, Dominique Soudoplatoff enseigne le fran\u00e7ais tout en suivant des cours de peinture et de dessin \u00e0 l&#8217;Ecole Nationale Sup\u00e9rieure des Arts D\u00e9coratifs. Elle d\u00e9couvre ensuite la sculpture \u00e0 laquelle elle consacre une grande partie de son temps. Lors d&#8217;un s\u00e9jour en Californie, elle s&#8217;initie \u00e0 la gravure qu&#8217;elle pratique r\u00e9guli\u00e8rement depuis. Ses mat\u00e9riaux de pr\u00e9dilection sont la pierre, le bois, la terre et plus r\u00e9cemment le papier. Tr\u00e8s investie dans le d\u00e9veloppement de l&#8217;enseignement artistique, elle a particip\u00e9 \u00e0 la cr\u00e9ation de l&#8217;Acad\u00e9mie d&#8217;Art de Meudon o\u00f9 elle donne des cours, organise des stages, et dont elle vient de prendre la pr\u00e9sidence. Elle expose r\u00e9guli\u00e8rement \u00e0 Paris, Meudon, Dijon, et Avignon.\u00a0<\/p>\t\t\t\t\t<\/div>\n\t\t\t\t\t\t<\/div>\n\t\t\t\t<\/div>\n\t\t\t\t\t\t<\/div>\n\t\t\t\t\t<\/div>\n\t\t<\/div>\n\t\t\t\t\t\t\t\t<\/div>\n\t\t\t\t\t<\/div>\n\t\t<\/section>\n\t\t\t\t<section class=\"elementor-section elementor-top-section elementor-element elementor-element-950dda0 elementor-section-boxed elementor-section-height-default elementor-section-height-default\" data-id=\"950dda0\" data-element_type=\"section\">\n\t\t\t\t\t\t<div class=\"elementor-container elementor-column-gap-default\">\n\t\t\t\t\t\t\t<div class=\"elementor-row\">\n\t\t\t\t\t<div class=\"elementor-column elementor-col-66 elementor-top-column elementor-element elementor-element-74defb1\" data-id=\"74defb1\" data-element_type=\"column\">\n\t\t\t<div class=\"elementor-column-wrap elementor-element-populated\">\n\t\t\t\t\t\t\t<div class=\"elementor-widget-wrap\">\n\t\t\t\t\t\t<div class=\"elementor-element elementor-element-8a2661d elementor-widget elementor-widget-wpforms\" data-id=\"8a2661d\" data-element_type=\"widget\" data-widget_type=\"wpforms.default\">\n\t\t\t\t<div class=\"elementor-widget-container\">\n\t\t\t<div class=\"wpforms-container wpforms-container-full\" id=\"wpforms-47\"><form id=\"wpforms-form-47\" class=\"wpforms-validate wpforms-form\" data-formid=\"47\" method=\"post\" enctype=\"multipart\/form-data\" action=\"\/index.php\/wp-json\/wp\/v2\/pages\/304\" data-token=\"26cceca683cf3a92f64b24550e683274\" data-token-time=\"1777061664\"><noscript class=\"wpforms-error-noscript\">Please enable JavaScript in your browser to complete this form.<\/noscript><div class=\"wpforms-field-container\"><div id=\"wpforms-47-field_0-container\" class=\"wpforms-field wpforms-field-name\" data-field-id=\"0\"><label class=\"wpforms-field-label\">Nom <span class=\"wpforms-required-label\">*<\/span><\/label><div class=\"wpforms-field-row wpforms-field-medium\"><div class=\"wpforms-field-row-block wpforms-first wpforms-one-half\"><input type=\"text\" id=\"wpforms-47-field_0\" class=\"wpforms-field-name-first wpforms-field-required\" name=\"wpforms[fields][0][first]\" required><label for=\"wpforms-47-field_0\" class=\"wpforms-field-sublabel after\">First<\/label><\/div><div class=\"wpforms-field-row-block wpforms-one-half\"><input type=\"text\" id=\"wpforms-47-field_0-last\" class=\"wpforms-field-name-last wpforms-field-required\" name=\"wpforms[fields][0][last]\" required><label for=\"wpforms-47-field_0-last\" class=\"wpforms-field-sublabel after\">Last<\/label><\/div><\/div><\/div><div id=\"wpforms-47-field_1-container\" class=\"wpforms-field wpforms-field-email\" data-field-id=\"1\"><label class=\"wpforms-field-label\" for=\"wpforms-47-field_1\">E-mail <span class=\"wpforms-required-label\">*<\/span><\/label><input type=\"email\" id=\"wpforms-47-field_1\" class=\"wpforms-field-medium wpforms-field-required\" name=\"wpforms[fields][1]\" spellcheck=\"false\" required><\/div><div id=\"wpforms-47-field_2-container\" class=\"wpforms-field wpforms-field-textarea\" data-field-id=\"2\"><label class=\"wpforms-field-label\" for=\"wpforms-47-field_2\">Commentaire ou message <span class=\"wpforms-required-label\">*<\/span><\/label><textarea id=\"wpforms-47-field_2\" class=\"wpforms-field-medium wpforms-field-required\" name=\"wpforms[fields][2]\" required><\/textarea><\/div><\/div><!-- .wpforms-field-container --><div class=\"wpforms-field wpforms-field-hp\"><label for=\"wpforms-47-field-hp\" class=\"wpforms-field-label\">Name<\/label><input type=\"text\" name=\"wpforms[hp]\" id=\"wpforms-47-field-hp\" class=\"wpforms-field-medium\"><\/div><div class=\"wpforms-recaptcha-container wpforms-is-hcaptcha\" ><div class=\"g-recaptcha\" data-sitekey=\"4eb6e382-c0bb-4f50-a6d4-3659beaff917\"><\/div><input type=\"text\" name=\"g-recaptcha-hidden\" class=\"wpforms-recaptcha-hidden\" style=\"position:absolute!important;clip:rect(0,0,0,0)!important;height:1px!important;width:1px!important;border:0!important;overflow:hidden!important;padding:0!important;margin:0!important;\" data-rule-hcaptcha=\"1\"><\/div><div class=\"wpforms-submit-container\" ><input type=\"hidden\" name=\"wpforms[id]\" value=\"47\"><input type=\"hidden\" name=\"page_title\" value=\"\"><input type=\"hidden\" name=\"page_url\" value=\"http:\/\/dsoudoplatoff.fr\/index.php\/wp-json\/wp\/v2\/pages\/304\"><input type=\"hidden\" name=\"url_referer\" value=\"\"><button type=\"submit\" name=\"wpforms[submit]\" id=\"wpforms-submit-47\" class=\"wpforms-submit\" data-alt-text=\"Envoi...\" data-submit-text=\"Envoyer\" aria-live=\"assertive\" value=\"wpforms-submit\">Envoyer<\/button><\/div><\/form><\/div>  <!-- .wpforms-container -->\t\t<\/div>\n\t\t\t\t<\/div>\n\t\t\t\t\t\t<\/div>\n\t\t\t\t\t<\/div>\n\t\t<\/div>\n\t\t\t\t<div class=\"elementor-column elementor-col-33 elementor-top-column elementor-element elementor-element-4591834\" data-id=\"4591834\" data-element_type=\"column\">\n\t\t\t<div class=\"elementor-column-wrap elementor-element-populated\">\n\t\t\t\t\t\t\t<div class=\"elementor-widget-wrap\">\n\t\t\t\t\t\t<div class=\"elementor-element elementor-element-81755d6 elementor-widget elementor-widget-image\" data-id=\"81755d6\" data-element_type=\"widget\" data-widget_type=\"image.default\">\n\t\t\t\t<div class=\"elementor-widget-container\">\n\t\t\t\t\t\t\t\t<div class=\"elementor-image\">\n\t\t\t\t\t\t\t\t\t<figure class=\"wp-caption\">\n\t\t\t\t\t\t\t\t\t\t<img width=\"2048\" height=\"1152\" src=\"http:\/\/dsoudoplatoff.fr\/wp-content\/uploads\/2020\/11\/20160601_112920-2048x1152.jpg\" class=\"attachment-2048x2048 size-2048x2048\" alt=\"\" loading=\"lazy\" srcset=\"http:\/\/dsoudoplatoff.fr\/wp-content\/uploads\/2020\/11\/20160601_112920-2048x1152.jpg 2048w, http:\/\/dsoudoplatoff.fr\/wp-content\/uploads\/2020\/11\/20160601_112920-scaled-416x234.jpg 416w, http:\/\/dsoudoplatoff.fr\/wp-content\/uploads\/2020\/11\/20160601_112920-300x169.jpg 300w, http:\/\/dsoudoplatoff.fr\/wp-content\/uploads\/2020\/11\/20160601_112920-1024x576.jpg 1024w, http:\/\/dsoudoplatoff.fr\/wp-content\/uploads\/2020\/11\/20160601_112920-768x432.jpg 768w, http:\/\/dsoudoplatoff.fr\/wp-content\/uploads\/2020\/11\/20160601_112920-1536x864.jpg 1536w\" sizes=\"(max-width: 2048px) 100vw, 2048px\" \/>\t\t\t\t\t\t\t\t\t\t\t<figcaption class=\"widget-image-caption wp-caption-text\">Photographie des oeuvres : \u00a9 Anne-Sophie Soudoplatoff<\/figcaption>\n\t\t\t\t\t\t\t\t\t\t<\/figure>\n\t\t\t\t\t\t\t\t<\/div>\n\t\t\t\t\t\t<\/div>\n\t\t\t\t<\/div>\n\t\t\t\t\t\t<\/div>\n\t\t\t\t\t<\/div>\n\t\t<\/div>\n\t\t\t\t\t\t\t\t<\/div>\n\t\t\t\t\t<\/div>\n\t\t<\/section>\n\t\t\t\t\t\t\t\t\t<\/div>\n\t\t\t<\/div>\n\t\t\t\t\t<\/div>\n\t\t","protected":false},"excerpt":{"rendered":"<p>Vit et travaille \u00e0 S\u00e8vres. Apr\u00e8s des \u00e9tudes de lettres modernes, Dominique Soudoplatoff enseigne le fran\u00e7ais tout en suivant des cours de peinture et de dessin \u00e0 l&#8217;Ecole Nationale Sup\u00e9rieure des Arts D\u00e9coratifs. Elle d\u00e9couvre ensuite la sculpture \u00e0 laquelle elle consacre une grande partie de son temps. Lors d&#8217;un s\u00e9jour en Californie, elle s&#8217;initie [&hellip;]<\/p>\n","protected":false},"author":1,"featured_media":0,"parent":0,"menu_order":0,"comment_status":"closed","ping_status":"closed","template":"","meta":[],"_links":{"self":[{"href":"http:\/\/dsoudoplatoff.fr\/index.php\/wp-json\/wp\/v2\/pages\/304"}],"collection":[{"href":"http:\/\/dsoudoplatoff.fr\/index.php\/wp-json\/wp\/v2\/pages"}],"about":[{"href":"http:\/\/dsoudoplatoff.fr\/index.php\/wp-json\/wp\/v2\/types\/page"}],"author":[{"embeddable":true,"href":"http:\/\/dsoudoplatoff.fr\/index.php\/wp-json\/wp\/v2\/users\/1"}],"replies":[{"embeddable":true,"href":"http:\/\/dsoudoplatoff.fr\/index.php\/wp-json\/wp\/v2\/comments?post=304"}],"version-history":[{"count":30,"href":"http:\/\/dsoudoplatoff.fr\/index.php\/wp-json\/wp\/v2\/pages\/304\/revisions"}],"predecessor-version":[{"id":1087,"href":"http:\/\/dsoudoplatoff.fr\/index.php\/wp-json\/wp\/v2\/pages\/304\/revisions\/1087"}],"wp:attachment":[{"href":"http:\/\/dsoudoplatoff.fr\/index.php\/wp-json\/wp\/v2\/media?parent=304"}],"curies":[{"name":"wp","href":"https:\/\/api.w.org\/{rel}","templated":true}]}}