{"id":407,"date":"2020-11-07T15:59:22","date_gmt":"2020-11-07T14:59:22","guid":{"rendered":"http:\/\/dsoudoplatoff.fr\/?page_id=407"},"modified":"2025-03-12T17:43:17","modified_gmt":"2025-03-12T16:43:17","slug":"expositions","status":"publish","type":"page","link":"http:\/\/dsoudoplatoff.fr\/index.php\/expositions\/","title":{"rendered":"EXPOSITIONS"},"content":{"rendered":"\t\t<div data-elementor-type=\"wp-page\" data-elementor-id=\"407\" class=\"elementor elementor-407\">\n\t\t\t\t\t\t<div class=\"elementor-inner\">\n\t\t\t\t<div class=\"elementor-section-wrap\">\n\t\t\t\t\t\t\t\t\t<section class=\"elementor-section elementor-top-section elementor-element elementor-element-9489973 elementor-section-height-min-height elementor-section-items-stretch elementor-section-boxed elementor-section-height-default\" data-id=\"9489973\" data-element_type=\"section\">\n\t\t\t\t\t\t<div class=\"elementor-container elementor-column-gap-wider\">\n\t\t\t\t\t\t\t<div class=\"elementor-row\">\n\t\t\t\t\t<div class=\"elementor-column elementor-col-33 elementor-top-column elementor-element elementor-element-3c60788\" data-id=\"3c60788\" data-element_type=\"column\">\n\t\t\t<div class=\"elementor-column-wrap elementor-element-populated\">\n\t\t\t\t\t\t\t<div class=\"elementor-widget-wrap\">\n\t\t\t\t\t\t<div class=\"elementor-element elementor-element-7bf7e5d elementor-widget elementor-widget-spacer\" data-id=\"7bf7e5d\" data-element_type=\"widget\" data-widget_type=\"spacer.default\">\n\t\t\t\t<div class=\"elementor-widget-container\">\n\t\t\t\t\t<div class=\"elementor-spacer\">\n\t\t\t<div class=\"elementor-spacer-inner\"><\/div>\n\t\t<\/div>\n\t\t\t\t<\/div>\n\t\t\t\t<\/div>\n\t\t\t\t<div class=\"elementor-element elementor-element-fa71f7a gallery-spacing-custom elementor-widget elementor-widget-image-gallery\" data-id=\"fa71f7a\" data-element_type=\"widget\" data-widget_type=\"image-gallery.default\">\n\t\t\t\t<div class=\"elementor-widget-container\">\n\t\t\t\t\t<div class=\"elementor-image-gallery\">\n\t\t\t<div id='gallery-1' class='gallery galleryid-407 gallery-columns-1 gallery-size-full'><figure class='gallery-item'>\n\t\t\t<div class='gallery-icon portrait'>\n\t\t\t\t<a data-elementor-open-lightbox=\"yes\" data-elementor-lightbox-slideshow=\"fa71f7a\" data-elementor-lightbox-title=\"R\u00e9sonances Naturelles - Galerie 27Concept, 2024\" e-action-hash=\"#elementor-action%3Aaction%3Dlightbox%26settings%3DeyJpZCI6MTE4OCwidXJsIjoiaHR0cDpcL1wvZHNvdWRvcGxhdG9mZi5mclwvd3AtY29udGVudFwvdXBsb2Fkc1wvMjAyNVwvMDNcL0lNR182NzkxLXNjYWxlZC5qcGciLCJzbGlkZXNob3ciOiJmYTcxZjdhIn0%3D\" href='http:\/\/dsoudoplatoff.fr\/wp-content\/uploads\/2025\/03\/IMG_6791-scaled.jpg'><img width=\"1920\" height=\"2560\" src=\"http:\/\/dsoudoplatoff.fr\/wp-content\/uploads\/2025\/03\/IMG_6791-scaled.jpg\" class=\"attachment-full size-full\" alt=\"\" loading=\"lazy\" srcset=\"http:\/\/dsoudoplatoff.fr\/wp-content\/uploads\/2025\/03\/IMG_6791-scaled.jpg 1920w, http:\/\/dsoudoplatoff.fr\/wp-content\/uploads\/2025\/03\/IMG_6791-225x300.jpg 225w, http:\/\/dsoudoplatoff.fr\/wp-content\/uploads\/2025\/03\/IMG_6791-768x1024.jpg 768w, http:\/\/dsoudoplatoff.fr\/wp-content\/uploads\/2025\/03\/IMG_6791-1152x1536.jpg 1152w, http:\/\/dsoudoplatoff.fr\/wp-content\/uploads\/2025\/03\/IMG_6791-1536x2048.jpg 1536w\" sizes=\"(max-width: 1920px) 100vw, 1920px\" \/><\/a>\n\t\t\t<\/div><\/figure><figure class='gallery-item'>\n\t\t\t<div class='gallery-icon portrait'>\n\t\t\t\t<a data-elementor-open-lightbox=\"yes\" data-elementor-lightbox-slideshow=\"fa71f7a\" data-elementor-lightbox-title=\"R\u00e9sonances Naturelles - Galerie 27Concept, 2024\" e-action-hash=\"#elementor-action%3Aaction%3Dlightbox%26settings%3DeyJpZCI6MTE5MCwidXJsIjoiaHR0cDpcL1wvZHNvdWRvcGxhdG9mZi5mclwvd3AtY29udGVudFwvdXBsb2Fkc1wvMjAyNVwvMDNcL0lNR182ODE2LTEtc2NhbGVkLmpwZyIsInNsaWRlc2hvdyI6ImZhNzFmN2EifQ%3D%3D\" href='http:\/\/dsoudoplatoff.fr\/wp-content\/uploads\/2025\/03\/IMG_6816-1-scaled.jpg'><img width=\"1920\" height=\"2560\" src=\"http:\/\/dsoudoplatoff.fr\/wp-content\/uploads\/2025\/03\/IMG_6816-1-scaled.jpg\" class=\"attachment-full size-full\" alt=\"\" loading=\"lazy\" srcset=\"http:\/\/dsoudoplatoff.fr\/wp-content\/uploads\/2025\/03\/IMG_6816-1-scaled.jpg 1920w, http:\/\/dsoudoplatoff.fr\/wp-content\/uploads\/2025\/03\/IMG_6816-1-225x300.jpg 225w, http:\/\/dsoudoplatoff.fr\/wp-content\/uploads\/2025\/03\/IMG_6816-1-768x1024.jpg 768w, http:\/\/dsoudoplatoff.fr\/wp-content\/uploads\/2025\/03\/IMG_6816-1-1152x1536.jpg 1152w, http:\/\/dsoudoplatoff.fr\/wp-content\/uploads\/2025\/03\/IMG_6816-1-1536x2048.jpg 1536w\" sizes=\"(max-width: 1920px) 100vw, 1920px\" \/><\/a>\n\t\t\t<\/div><\/figure><figure class='gallery-item'>\n\t\t\t<div class='gallery-icon landscape'>\n\t\t\t\t<a data-elementor-open-lightbox=\"yes\" data-elementor-lightbox-slideshow=\"fa71f7a\" data-elementor-lightbox-title=\"La Gr\u00e2ce, Puch D&#039;Agenais, 2024\" e-action-hash=\"#elementor-action%3Aaction%3Dlightbox%26settings%3DeyJpZCI6MTE4NywidXJsIjoiaHR0cDpcL1wvZHNvdWRvcGxhdG9mZi5mclwvd3AtY29udGVudFwvdXBsb2Fkc1wvMjAyNVwvMDNcL0lNR185MjYxLXNjYWxlZC5qcGciLCJzbGlkZXNob3ciOiJmYTcxZjdhIn0%3D\" href='http:\/\/dsoudoplatoff.fr\/wp-content\/uploads\/2025\/03\/IMG_9261-scaled.jpg'><img width=\"2560\" height=\"1691\" src=\"http:\/\/dsoudoplatoff.fr\/wp-content\/uploads\/2025\/03\/IMG_9261-scaled.jpg\" class=\"attachment-full size-full\" alt=\"\" loading=\"lazy\" srcset=\"http:\/\/dsoudoplatoff.fr\/wp-content\/uploads\/2025\/03\/IMG_9261-scaled.jpg 2560w, http:\/\/dsoudoplatoff.fr\/wp-content\/uploads\/2025\/03\/IMG_9261-300x198.jpg 300w, http:\/\/dsoudoplatoff.fr\/wp-content\/uploads\/2025\/03\/IMG_9261-1024x676.jpg 1024w, http:\/\/dsoudoplatoff.fr\/wp-content\/uploads\/2025\/03\/IMG_9261-768x507.jpg 768w, http:\/\/dsoudoplatoff.fr\/wp-content\/uploads\/2025\/03\/IMG_9261-1536x1015.jpg 1536w, http:\/\/dsoudoplatoff.fr\/wp-content\/uploads\/2025\/03\/IMG_9261-2048x1353.jpg 2048w\" sizes=\"(max-width: 2560px) 100vw, 2560px\" \/><\/a>\n\t\t\t<\/div><\/figure><figure class='gallery-item'>\n\t\t\t<div class='gallery-icon landscape'>\n\t\t\t\t<a data-elementor-open-lightbox=\"yes\" data-elementor-lightbox-slideshow=\"fa71f7a\" data-elementor-lightbox-title=\"Sensibles-pre\u0301sences_Galerie-Mauguin_2019\" e-action-hash=\"#elementor-action%3Aaction%3Dlightbox%26settings%3DeyJpZCI6NDExLCJ1cmwiOiJodHRwOlwvXC9kc291ZG9wbGF0b2ZmLmZyXC93cC1jb250ZW50XC91cGxvYWRzXC8yMDIwXC8xMVwvU2Vuc2libGVzLXByZVx1MDMwMXNlbmNlc19HYWxlcmllLU1hdWd1aW5fMjAxOS1zY2FsZWQuanBnIiwic2xpZGVzaG93IjoiZmE3MWY3YSJ9\" href='http:\/\/dsoudoplatoff.fr\/wp-content\/uploads\/2020\/11\/Sensibles-pre\u0301sences_Galerie-Mauguin_2019-scaled.jpg'><img width=\"2560\" height=\"1918\" src=\"http:\/\/dsoudoplatoff.fr\/wp-content\/uploads\/2020\/11\/Sensibles-pre\u0301sences_Galerie-Mauguin_2019-scaled.jpg\" class=\"attachment-full size-full\" alt=\"\" loading=\"lazy\" srcset=\"http:\/\/dsoudoplatoff.fr\/wp-content\/uploads\/2020\/11\/Sensibles-pre\u0301sences_Galerie-Mauguin_2019-scaled.jpg 2560w, http:\/\/dsoudoplatoff.fr\/wp-content\/uploads\/2020\/11\/Sensibles-pre\u0301sences_Galerie-Mauguin_2019-scaled-416x312.jpg 416w, http:\/\/dsoudoplatoff.fr\/wp-content\/uploads\/2020\/11\/Sensibles-pre\u0301sences_Galerie-Mauguin_2019-300x225.jpg 300w, http:\/\/dsoudoplatoff.fr\/wp-content\/uploads\/2020\/11\/Sensibles-pre\u0301sences_Galerie-Mauguin_2019-1024x767.jpg 1024w, http:\/\/dsoudoplatoff.fr\/wp-content\/uploads\/2020\/11\/Sensibles-pre\u0301sences_Galerie-Mauguin_2019-768x575.jpg 768w, http:\/\/dsoudoplatoff.fr\/wp-content\/uploads\/2020\/11\/Sensibles-pre\u0301sences_Galerie-Mauguin_2019-1536x1151.jpg 1536w, http:\/\/dsoudoplatoff.fr\/wp-content\/uploads\/2020\/11\/Sensibles-pre\u0301sences_Galerie-Mauguin_2019-2048x1535.jpg 2048w\" sizes=\"(max-width: 2560px) 100vw, 2560px\" \/><\/a>\n\t\t\t<\/div><\/figure><figure class='gallery-item'>\n\t\t\t<div class='gallery-icon landscape'>\n\t\t\t\t<a data-elementor-open-lightbox=\"yes\" data-elementor-lightbox-slideshow=\"fa71f7a\" data-elementor-lightbox-title=\"D&#039;eau-et-de-pierre_Eu_2017\" e-action-hash=\"#elementor-action%3Aaction%3Dlightbox%26settings%3DeyJpZCI6NDEzLCJ1cmwiOiJodHRwOlwvXC9kc291ZG9wbGF0b2ZmLmZyXC93cC1jb250ZW50XC91cGxvYWRzXC8yMDIwXC8xMVwvRGVhdS1ldC1kZS1waWVycmVfRXVfMjAxNy1zY2FsZWQuanBnIiwic2xpZGVzaG93IjoiZmE3MWY3YSJ9\" href='http:\/\/dsoudoplatoff.fr\/wp-content\/uploads\/2020\/11\/Deau-et-de-pierre_Eu_2017-scaled.jpg'><img width=\"2560\" height=\"1920\" src=\"http:\/\/dsoudoplatoff.fr\/wp-content\/uploads\/2020\/11\/Deau-et-de-pierre_Eu_2017-scaled.jpg\" class=\"attachment-full size-full\" alt=\"\" loading=\"lazy\" srcset=\"http:\/\/dsoudoplatoff.fr\/wp-content\/uploads\/2020\/11\/Deau-et-de-pierre_Eu_2017-scaled.jpg 2560w, http:\/\/dsoudoplatoff.fr\/wp-content\/uploads\/2020\/11\/Deau-et-de-pierre_Eu_2017-scaled-416x312.jpg 416w, http:\/\/dsoudoplatoff.fr\/wp-content\/uploads\/2020\/11\/Deau-et-de-pierre_Eu_2017-300x225.jpg 300w, http:\/\/dsoudoplatoff.fr\/wp-content\/uploads\/2020\/11\/Deau-et-de-pierre_Eu_2017-1024x768.jpg 1024w, http:\/\/dsoudoplatoff.fr\/wp-content\/uploads\/2020\/11\/Deau-et-de-pierre_Eu_2017-768x576.jpg 768w, http:\/\/dsoudoplatoff.fr\/wp-content\/uploads\/2020\/11\/Deau-et-de-pierre_Eu_2017-1536x1152.jpg 1536w, http:\/\/dsoudoplatoff.fr\/wp-content\/uploads\/2020\/11\/Deau-et-de-pierre_Eu_2017-2048x1536.jpg 2048w\" sizes=\"(max-width: 2560px) 100vw, 2560px\" \/><\/a>\n\t\t\t<\/div><\/figure><figure class='gallery-item'>\n\t\t\t<div class='gallery-icon landscape'>\n\t\t\t\t<a data-elementor-open-lightbox=\"yes\" data-elementor-lightbox-slideshow=\"fa71f7a\" data-elementor-lightbox-title=\"Faces5_Viroflay_2015\" e-action-hash=\"#elementor-action%3Aaction%3Dlightbox%26settings%3DeyJpZCI6NDE0LCJ1cmwiOiJodHRwOlwvXC9kc291ZG9wbGF0b2ZmLmZyXC93cC1jb250ZW50XC91cGxvYWRzXC8yMDIwXC8xMVwvRmFjZXM1X1Zpcm9mbGF5XzIwMTUtMS1zY2FsZWQuanBnIiwic2xpZGVzaG93IjoiZmE3MWY3YSJ9\" href='http:\/\/dsoudoplatoff.fr\/wp-content\/uploads\/2020\/11\/Faces5_Viroflay_2015-1-scaled.jpg'><img width=\"2560\" height=\"1920\" src=\"http:\/\/dsoudoplatoff.fr\/wp-content\/uploads\/2020\/11\/Faces5_Viroflay_2015-1-scaled.jpg\" class=\"attachment-full size-full\" alt=\"\" loading=\"lazy\" srcset=\"http:\/\/dsoudoplatoff.fr\/wp-content\/uploads\/2020\/11\/Faces5_Viroflay_2015-1-scaled.jpg 2560w, http:\/\/dsoudoplatoff.fr\/wp-content\/uploads\/2020\/11\/Faces5_Viroflay_2015-1-scaled-416x312.jpg 416w, http:\/\/dsoudoplatoff.fr\/wp-content\/uploads\/2020\/11\/Faces5_Viroflay_2015-1-300x225.jpg 300w, http:\/\/dsoudoplatoff.fr\/wp-content\/uploads\/2020\/11\/Faces5_Viroflay_2015-1-1024x768.jpg 1024w, http:\/\/dsoudoplatoff.fr\/wp-content\/uploads\/2020\/11\/Faces5_Viroflay_2015-1-768x576.jpg 768w, http:\/\/dsoudoplatoff.fr\/wp-content\/uploads\/2020\/11\/Faces5_Viroflay_2015-1-1536x1152.jpg 1536w, http:\/\/dsoudoplatoff.fr\/wp-content\/uploads\/2020\/11\/Faces5_Viroflay_2015-1-2048x1536.jpg 2048w\" sizes=\"(max-width: 2560px) 100vw, 2560px\" \/><\/a>\n\t\t\t<\/div><\/figure><figure class='gallery-item'>\n\t\t\t<div class='gallery-icon landscape'>\n\t\t\t\t<a data-elementor-open-lightbox=\"yes\" data-elementor-lightbox-slideshow=\"fa71f7a\" data-elementor-lightbox-title=\"Les innombrables_Centre d&#039;art Meudon_2011\" e-action-hash=\"#elementor-action%3Aaction%3Dlightbox%26settings%3DeyJpZCI6NDEyLCJ1cmwiOiJodHRwOlwvXC9kc291ZG9wbGF0b2ZmLmZyXC93cC1jb250ZW50XC91cGxvYWRzXC8yMDIwXC8xMVwvTGVzLWlubm9tYnJhYmxlc19DZW50cmUtZGFydC1NZXVkb25fMjAxMS1zY2FsZWQuanBnIiwic2xpZGVzaG93IjoiZmE3MWY3YSJ9\" href='http:\/\/dsoudoplatoff.fr\/wp-content\/uploads\/2020\/11\/Les-innombrables_Centre-dart-Meudon_2011-scaled.jpg'><img width=\"2560\" height=\"1920\" src=\"http:\/\/dsoudoplatoff.fr\/wp-content\/uploads\/2020\/11\/Les-innombrables_Centre-dart-Meudon_2011-scaled.jpg\" class=\"attachment-full size-full\" alt=\"\" loading=\"lazy\" srcset=\"http:\/\/dsoudoplatoff.fr\/wp-content\/uploads\/2020\/11\/Les-innombrables_Centre-dart-Meudon_2011-scaled.jpg 2560w, http:\/\/dsoudoplatoff.fr\/wp-content\/uploads\/2020\/11\/Les-innombrables_Centre-dart-Meudon_2011-scaled-416x312.jpg 416w, http:\/\/dsoudoplatoff.fr\/wp-content\/uploads\/2020\/11\/Les-innombrables_Centre-dart-Meudon_2011-300x225.jpg 300w, http:\/\/dsoudoplatoff.fr\/wp-content\/uploads\/2020\/11\/Les-innombrables_Centre-dart-Meudon_2011-1024x768.jpg 1024w, http:\/\/dsoudoplatoff.fr\/wp-content\/uploads\/2020\/11\/Les-innombrables_Centre-dart-Meudon_2011-768x576.jpg 768w, http:\/\/dsoudoplatoff.fr\/wp-content\/uploads\/2020\/11\/Les-innombrables_Centre-dart-Meudon_2011-1536x1152.jpg 1536w, http:\/\/dsoudoplatoff.fr\/wp-content\/uploads\/2020\/11\/Les-innombrables_Centre-dart-Meudon_2011-2048x1536.jpg 2048w\" sizes=\"(max-width: 2560px) 100vw, 2560px\" \/><\/a>\n\t\t\t<\/div><\/figure><figure class='gallery-item'>\n\t\t\t<div class='gallery-icon landscape'>\n\t\t\t\t<a data-elementor-open-lightbox=\"yes\" data-elementor-lightbox-slideshow=\"fa71f7a\" data-elementor-lightbox-title=\"Ascendances\" e-action-hash=\"#elementor-action%3Aaction%3Dlightbox%26settings%3DeyJpZCI6NDM2LCJ1cmwiOiJodHRwOlwvXC9kc291ZG9wbGF0b2ZmLmZyXC93cC1jb250ZW50XC91cGxvYWRzXC8yMDIwXC8xMVwvMjAxNV9Bdmlnbm9uX0FzY2VuZGFuY2VzLXNjYWxlZC5qcGciLCJzbGlkZXNob3ciOiJmYTcxZjdhIn0%3D\" href='http:\/\/dsoudoplatoff.fr\/wp-content\/uploads\/2020\/11\/2015_Avignon_Ascendances-scaled.jpg'><img width=\"2560\" height=\"1920\" src=\"http:\/\/dsoudoplatoff.fr\/wp-content\/uploads\/2020\/11\/2015_Avignon_Ascendances-scaled.jpg\" class=\"attachment-full size-full\" alt=\"\" loading=\"lazy\" srcset=\"http:\/\/dsoudoplatoff.fr\/wp-content\/uploads\/2020\/11\/2015_Avignon_Ascendances-scaled.jpg 2560w, http:\/\/dsoudoplatoff.fr\/wp-content\/uploads\/2020\/11\/2015_Avignon_Ascendances-scaled-416x312.jpg 416w, http:\/\/dsoudoplatoff.fr\/wp-content\/uploads\/2020\/11\/2015_Avignon_Ascendances-300x225.jpg 300w, http:\/\/dsoudoplatoff.fr\/wp-content\/uploads\/2020\/11\/2015_Avignon_Ascendances-1024x768.jpg 1024w, http:\/\/dsoudoplatoff.fr\/wp-content\/uploads\/2020\/11\/2015_Avignon_Ascendances-768x576.jpg 768w, http:\/\/dsoudoplatoff.fr\/wp-content\/uploads\/2020\/11\/2015_Avignon_Ascendances-1536x1152.jpg 1536w, http:\/\/dsoudoplatoff.fr\/wp-content\/uploads\/2020\/11\/2015_Avignon_Ascendances-2048x1536.jpg 2048w\" sizes=\"(max-width: 2560px) 100vw, 2560px\" \/><\/a>\n\t\t\t<\/div><\/figure><figure class='gallery-item'>\n\t\t\t<div class='gallery-icon landscape'>\n\t\t\t\t<a data-elementor-open-lightbox=\"yes\" data-elementor-lightbox-slideshow=\"fa71f7a\" data-elementor-lightbox-title=\"162x40x30 cm\" e-action-hash=\"#elementor-action%3Aaction%3Dlightbox%26settings%3DeyJpZCI6NTUxLCJ1cmwiOiJodHRwOlwvXC9kc291ZG9wbGF0b2ZmLmZyXC93cC1jb250ZW50XC91cGxvYWRzXC8yMDIwXC8xMVwvSU1HUDIwMjMtc2NhbGVkLmpwZyIsInNsaWRlc2hvdyI6ImZhNzFmN2EifQ%3D%3D\" href='http:\/\/dsoudoplatoff.fr\/wp-content\/uploads\/2020\/11\/IMGP2023-scaled.jpg'><img width=\"2560\" height=\"1920\" src=\"http:\/\/dsoudoplatoff.fr\/wp-content\/uploads\/2020\/11\/IMGP2023-scaled.jpg\" class=\"attachment-full size-full\" alt=\"\" loading=\"lazy\" srcset=\"http:\/\/dsoudoplatoff.fr\/wp-content\/uploads\/2020\/11\/IMGP2023-scaled.jpg 2560w, http:\/\/dsoudoplatoff.fr\/wp-content\/uploads\/2020\/11\/IMGP2023-scaled-416x312.jpg 416w, http:\/\/dsoudoplatoff.fr\/wp-content\/uploads\/2020\/11\/IMGP2023-300x225.jpg 300w, http:\/\/dsoudoplatoff.fr\/wp-content\/uploads\/2020\/11\/IMGP2023-1024x768.jpg 1024w, http:\/\/dsoudoplatoff.fr\/wp-content\/uploads\/2020\/11\/IMGP2023-768x576.jpg 768w, http:\/\/dsoudoplatoff.fr\/wp-content\/uploads\/2020\/11\/IMGP2023-1536x1152.jpg 1536w, http:\/\/dsoudoplatoff.fr\/wp-content\/uploads\/2020\/11\/IMGP2023-2048x1536.jpg 2048w\" sizes=\"(max-width: 2560px) 100vw, 2560px\" \/><\/a>\n\t\t\t<\/div><\/figure>\n\t\t<\/div>\n\t\t<\/div>\n\t\t\t\t<\/div>\n\t\t\t\t<\/div>\n\t\t\t\t\t\t<\/div>\n\t\t\t\t\t<\/div>\n\t\t<\/div>\n\t\t\t\t<div class=\"elementor-column elementor-col-66 elementor-top-column elementor-element elementor-element-13079f7\" data-id=\"13079f7\" data-element_type=\"column\">\n\t\t\t<div class=\"elementor-column-wrap elementor-element-populated\">\n\t\t\t\t\t\t\t<div class=\"elementor-widget-wrap\">\n\t\t\t\t\t\t<div class=\"elementor-element elementor-element-6937e37 elementor-widget elementor-widget-spacer\" data-id=\"6937e37\" data-element_type=\"widget\" data-widget_type=\"spacer.default\">\n\t\t\t\t<div class=\"elementor-widget-container\">\n\t\t\t\t\t<div class=\"elementor-spacer\">\n\t\t\t<div class=\"elementor-spacer-inner\"><\/div>\n\t\t<\/div>\n\t\t\t\t<\/div>\n\t\t\t\t<\/div>\n\t\t\t\t<div class=\"elementor-element elementor-element-aeb631f elementor-widget elementor-widget-text-editor\" data-id=\"aeb631f\" data-element_type=\"widget\" data-widget_type=\"text-editor.default\">\n\t\t\t\t<div class=\"elementor-widget-container\">\n\t\t\t\t\t\t\t\t<div class=\"elementor-text-editor elementor-clearfix\">\n\t\t\t\t<p><strong>EXPOSITIONS<\/strong><\/p><ul><li>2024 &#8211; Paris, Galerie 27Concept, <span style=\"font-size: 15px;\"><i>R\u00e9sonances naturelles<\/i><\/span><\/li><li>2024 &#8211; Puch d&#8217;Agenais, Eglise Notre-Dame de la Nativit\u00e9 de Vignes,\u00a0<span style=\"font-size: 15px;\"><i>La Gr\u00e2ce &#8211;\u00a0<\/i>C\u00e9ramiques contemporaines<\/span><\/li><li>2024 &#8211; Puch d&#8217;Agenais, Eglise Notre-Dame de la Nativit\u00e9 de Vignes, <span style=\"font-size: 15px;\"><i>La Gr\u00e2ce &#8211; <\/i>C\u00e9ramiques contemporaines<\/span><\/li><li>2023 &#8211; Paris,\u00a0<span style=\"letter-spacing: 1.6px;\">Galerie L Mauguin<\/span>, <span style=\"font-size: 15px;\"><i>Eclore<\/i><\/span><\/li><li>2023 &#8211; S\u00e8vres, La Mezzanine,\u00a0<em style=\"letter-spacing: 1.6px; font-size: 15px;\">De l&#8217;invisible au visible<\/em>\u00a0<\/li><li>2022 &#8211; Simiane la Rotonde, La Maison de Brian,\u00a0<em style=\"letter-spacing: 1.6px; font-size: 15px;\">Exposition personnelle<\/em>\u00a0<\/li><li>2022 &#8211; Meudon, Bastion de l&#8217;Orangerie,\u00a0<em style=\"letter-spacing: 1.6px; font-size: 15px;\">De terre, d&#8217;encre et de lumi\u00e8re<\/em><\/li><li>2019 &#8211; Paris, Galerie L Mauguin, <em style=\"font-size: 15px; letter-spacing: 1.6px;\">Sensibles pr\u00e9sences<\/em><\/li><li>2017 &#8211; Eu, Chapelle des j\u00e9suites, <em>D&#8217;eau et de Pierre<\/em><\/li><li>2016 &#8211; Viroflay, Centre d&#8217;Art, <em>Faces 5<\/em><\/li><li>2015 &#8211; Avignon, Chapelle des Miracles, <em>Ascendances<\/em><\/li><li>2014 &#8211; S\u00e8vres, Galerie Loubat,<em> D&#8217;\u00catre et de silence<\/em><\/li><li>2013 &#8211; Meudon, <em>Dans les plis du vent<\/em> \/ Le Sappay en Chartreuse, <em>Dialogues d&#8217;artistes<\/em><\/li><li>2012 &#8211; Avignon, Chapelle des Miracles, <em>Ordalie<\/em><\/li><li>2011 &#8211; Meudon, Centre d&#8217;Art, <em>Les innombrables<\/em><\/li><li>2010 &#8211; Paris 11\u00e8me, Collenn&#8217;s Gallery, <em>Supports sensibles<\/em><\/li><li>2007 &#8211; Meudon, Galerie Aux fruits des arts, <em>Nocturnes<\/em><\/li><li>2005 -Auvers sur Oise, <em>Promenade dans l&#8217;art contemporain <\/em>\/ Paris 4\u00e8me, <em>Visuart<\/em> \/\u00a0Dijon,<em> L&#8217;art \u00e0 l&#8217;h\u00f4pital<\/em><\/li><\/ul><p><strong>INSTALLATIONS<\/strong><\/p><ul><li>2015 &#8211; Avignon, Installation <em>Ascendances<\/em> \/ Meudon, Installation et performance<em> Songe<\/em><\/li><li>2012 &#8211; Meudon, Installation et performance de 24h <em>Le blanc de meudon \/\u00a0<\/em>Avignon, <em>Les Gisants<\/em><\/li><\/ul><div><p style=\"letter-spacing: 1.6px;\"><span style=\"font-weight: 600;\">PRESSE &amp; PUBLICATIONS<\/span><\/p><ul style=\"letter-spacing: 1.6px;\"><li>2024 &#8211; La Revue de la c\u00e9ramique et du verre N\u00b0257,\u00a0<em>La Gr\u00e2ce<\/em><\/li><li>2024 &#8211; Vivienne Spiteri,\u00a0<i>Two eternities,\u00a0<\/i>couverture de l&#8217;album<\/li><li>2022 &#8211; Revue du Comit\u00e9 de Sauvegarde des Sites de Meudon,\u00a0<i>Les sculpteurs contemporains \u00e0 Meudon &#8211; Dominique Soudoplatoff<\/i><\/li><li>2022 &#8211; Editions du Chantier,\u00a0<i>La Poup\u00e9e Nare, Wimereux Samedi MG,\u00a0<i style=\"letter-spacing: 1.6px;\">Manon Rosier\u00a0<\/i>-en \u00e9cho \u00e0 une sculpture et gravure de Dominique Soudoplatoff<\/i><\/li><\/ul><\/div>\t\t\t\t\t<\/div>\n\t\t\t\t\t\t<\/div>\n\t\t\t\t<\/div>\n\t\t\t\t\t\t<\/div>\n\t\t\t\t\t<\/div>\n\t\t<\/div>\n\t\t\t\t\t\t\t\t<\/div>\n\t\t\t\t\t<\/div>\n\t\t<\/section>\n\t\t\t\t\t\t\t\t\t<\/div>\n\t\t\t<\/div>\n\t\t\t\t\t<\/div>\n\t\t","protected":false},"excerpt":{"rendered":"<p>EXPOSITIONS 2024 &#8211; Paris, Galerie 27Concept, R\u00e9sonances naturelles 2024 &#8211; Puch d&#8217;Agenais, Eglise Notre-Dame de la Nativit\u00e9 de Vignes,\u00a0La Gr\u00e2ce &#8211;\u00a0C\u00e9ramiques contemporaines 2024 &#8211; Puch d&#8217;Agenais, Eglise Notre-Dame de la Nativit\u00e9 de Vignes, La Gr\u00e2ce &#8211; C\u00e9ramiques contemporaines 2023 &#8211; Paris,\u00a0Galerie L Mauguin, Eclore 2023 &#8211; S\u00e8vres, La Mezzanine,\u00a0De l&#8217;invisible au visible\u00a0 2022 &#8211; Simiane [&hellip;]<\/p>\n","protected":false},"author":1,"featured_media":0,"parent":0,"menu_order":0,"comment_status":"closed","ping_status":"closed","template":"","meta":[],"_links":{"self":[{"href":"http:\/\/dsoudoplatoff.fr\/index.php\/wp-json\/wp\/v2\/pages\/407"}],"collection":[{"href":"http:\/\/dsoudoplatoff.fr\/index.php\/wp-json\/wp\/v2\/pages"}],"about":[{"href":"http:\/\/dsoudoplatoff.fr\/index.php\/wp-json\/wp\/v2\/types\/page"}],"author":[{"embeddable":true,"href":"http:\/\/dsoudoplatoff.fr\/index.php\/wp-json\/wp\/v2\/users\/1"}],"replies":[{"embeddable":true,"href":"http:\/\/dsoudoplatoff.fr\/index.php\/wp-json\/wp\/v2\/comments?post=407"}],"version-history":[{"count":60,"href":"http:\/\/dsoudoplatoff.fr\/index.php\/wp-json\/wp\/v2\/pages\/407\/revisions"}],"predecessor-version":[{"id":1206,"href":"http:\/\/dsoudoplatoff.fr\/index.php\/wp-json\/wp\/v2\/pages\/407\/revisions\/1206"}],"wp:attachment":[{"href":"http:\/\/dsoudoplatoff.fr\/index.php\/wp-json\/wp\/v2\/media?parent=407"}],"curies":[{"name":"wp","href":"https:\/\/api.w.org\/{rel}","templated":true}]}}